{"id":21,"date":"2024-03-27T12:46:15","date_gmt":"2024-03-27T12:46:15","guid":{"rendered":"https:\/\/doctorucarer.com\/?page_id=21"},"modified":"2024-04-29T14:36:21","modified_gmt":"2024-04-29T14:36:21","slug":"hausarztliche-versorgung","status":"publish","type":"page","link":"https:\/\/doctorucarer.com\/en\/hausarztliche-versorgung\/","title":{"rendered":"General practitioner care"},"content":{"rendered":"<div data-elementor-type=\"wp-page\" data-elementor-id=\"21\" class=\"elementor elementor-21\" data-elementor-post-type=\"page\">\n\t\t\t\t<div class=\"elementor-element elementor-element-942b5c3 e-flex e-con-boxed e-con e-parent\" data-id=\"942b5c3\" data-element_type=\"container\" data-e-type=\"container\" data-settings=\"{&quot;background_background&quot;:&quot;classic&quot;}\">\n\t\t\t\t\t<div class=\"e-con-inner\">\n\t\t<div class=\"elementor-element elementor-element-594e025 e-con-full e-flex e-con e-child\" data-id=\"594e025\" data-element_type=\"container\" data-e-type=\"container\">\n\t\t\t\t<div class=\"elementor-element elementor-element-a36708d elementor-widget elementor-widget-heading\" data-id=\"a36708d\" data-element_type=\"widget\" data-e-type=\"widget\" data-widget_type=\"heading.default\">\n\t\t\t\t<div class=\"elementor-widget-container\">\n\t\t\t\t\t<h2 class=\"elementor-heading-title elementor-size-default\">Understanding your needs<\/h2>\t\t\t\t<\/div>\n\t\t\t\t<\/div>\n\t\t\t\t<div class=\"elementor-element elementor-element-5c6ebf4 elementor-widget elementor-widget-heading\" data-id=\"5c6ebf4\" data-element_type=\"widget\" data-e-type=\"widget\" data-widget_type=\"heading.default\">\n\t\t\t\t<div class=\"elementor-widget-container\">\n\t\t\t\t\t<div class=\"elementor-heading-title elementor-size-default\"><strong>What does that mean for us?<\/strong><\/div>\t\t\t\t<\/div>\n\t\t\t\t<\/div>\n\t\t\t\t<div class=\"elementor-element elementor-element-16ca27d elementor-widget elementor-widget-text-editor\" data-id=\"16ca27d\" data-element_type=\"widget\" data-e-type=\"widget\" data-widget_type=\"text-editor.default\">\n\t\t\t\t<div class=\"elementor-widget-container\">\n\t\t\t\t\t\t\t\t\t<p>As your online healthcare provider, it is our responsibility to understand your health situation and the associated questions and concerns.<\/p><p>We treat both acute and chronic illnesses, taking into account the physical, psychological, social and emotional dimensions of health problems.<\/p>\t\t\t\t\t\t\t\t<\/div>\n\t\t\t\t<\/div>\n\t\t\t\t<div class=\"elementor-element elementor-element-581eac2 elementor-widget elementor-widget-button\" data-id=\"581eac2\" data-element_type=\"widget\" data-e-type=\"widget\" data-widget_type=\"button.default\">\n\t\t\t\t<div class=\"elementor-widget-container\">\n\t\t\t\t\t\t\t\t\t<div class=\"elementor-button-wrapper\">\n\t\t\t\t\t<a class=\"elementor-button elementor-button-link elementor-size-sm\" href=\"https:\/\/doctorucarer.com\/index.php\/buchen-sie-einen-termin\/\">\n\t\t\t\t\t\t<span class=\"elementor-button-content-wrapper\">\n\t\t\t\t\t\t\t\t\t<span class=\"elementor-button-text\">Book an appointment<\/span>\n\t\t\t\t\t<\/span>\n\t\t\t\t\t<\/a>\n\t\t\t\t<\/div>\n\t\t\t\t\t\t\t\t<\/div>\n\t\t\t\t<\/div>\n\t\t\t\t<\/div>\n\t\t<div class=\"elementor-element elementor-element-8321659 e-con-full e-flex e-con e-child\" data-id=\"8321659\" data-element_type=\"container\" data-e-type=\"container\">\n\t\t\t\t<div class=\"elementor-element elementor-element-cc92102 elementor-widget elementor-widget-image\" data-id=\"cc92102\" data-element_type=\"widget\" data-e-type=\"widget\" data-widget_type=\"image.default\">\n\t\t\t\t<div class=\"elementor-widget-container\">\n\t\t\t\t\t\t\t\t\t\t\t\t\t\t\t<img fetchpriority=\"high\" decoding=\"async\" width=\"1920\" height=\"1200\" src=\"https:\/\/doctorucarer.com\/wp-content\/uploads\/2024\/04\/Untitled-design-2024-04-04T154726.097.png\" class=\"attachment-full size-full wp-image-889\" alt=\"Haus\u00e4rztliche Versorgung\" srcset=\"https:\/\/doctorucarer.com\/wp-content\/uploads\/2024\/04\/Untitled-design-2024-04-04T154726.097.png 1920w, https:\/\/doctorucarer.com\/wp-content\/uploads\/2024\/04\/Untitled-design-2024-04-04T154726.097-300x188.png 300w, https:\/\/doctorucarer.com\/wp-content\/uploads\/2024\/04\/Untitled-design-2024-04-04T154726.097-1024x640.png 1024w, https:\/\/doctorucarer.com\/wp-content\/uploads\/2024\/04\/Untitled-design-2024-04-04T154726.097-768x480.png 768w, https:\/\/doctorucarer.com\/wp-content\/uploads\/2024\/04\/Untitled-design-2024-04-04T154726.097-1536x960.png 1536w, https:\/\/doctorucarer.com\/wp-content\/uploads\/2024\/04\/Untitled-design-2024-04-04T154726.097-18x12.png 18w\" sizes=\"(max-width: 1920px) 100vw, 1920px\" \/>\t\t\t\t\t\t\t\t\t\t\t\t\t\t\t<\/div>\n\t\t\t\t<\/div>\n\t\t\t\t<\/div>\n\t\t\t\t\t<\/div>\n\t\t\t\t<\/div>\n\t\t<div class=\"elementor-element elementor-element-3b74d59 e-flex e-con-boxed e-con e-parent\" data-id=\"3b74d59\" data-element_type=\"container\" data-e-type=\"container\" data-settings=\"{&quot;background_background&quot;:&quot;classic&quot;}\">\n\t\t\t\t\t<div class=\"e-con-inner\">\n\t\t<div class=\"elementor-element elementor-element-f0696fe e-con-full e-flex e-con e-child\" data-id=\"f0696fe\" data-element_type=\"container\" data-e-type=\"container\">\n\t\t\t\t<div class=\"elementor-element elementor-element-afc184c elementor-widget elementor-widget-text-editor\" data-id=\"afc184c\" data-element_type=\"widget\" data-e-type=\"widget\" data-widget_type=\"text-editor.default\">\n\t\t\t\t<div class=\"elementor-widget-container\">\n\t\t\t\t\t\t\t\t\t<p>Prevention and early detection of diseases are particularly important to us.<\/p><p>In addition to medical consultations and physical examinations, further diagnostic steps may be necessary. We will advise you on which tests are useful and beneficial for you and, if necessary, work together with experts from all fields.<\/p><p>Carrying out investigations and explanations<\/p><p>During the diagnostic process and after summarizing and evaluating the results, we will explain your health situation to you. In addition, we will inform you about the preventive and therapeutic options associated with it. This \"translation and clarification work\" in easy-to-understand language is one of our most important tasks and the basis of every treatment.<\/p>\t\t\t\t\t\t\t\t<\/div>\n\t\t\t\t<\/div>\n\t\t\t\t<\/div>\n\t\t<div class=\"elementor-element elementor-element-694c9a6 e-con-full e-flex e-con e-child\" data-id=\"694c9a6\" data-element_type=\"container\" data-e-type=\"container\">\n\t\t\t\t<div class=\"elementor-element elementor-element-522dd52 elementor-widget elementor-widget-image\" data-id=\"522dd52\" data-element_type=\"widget\" data-e-type=\"widget\" data-widget_type=\"image.default\">\n\t\t\t\t<div class=\"elementor-widget-container\">\n\t\t\t\t\t\t\t\t\t\t\t\t\t\t\t<img decoding=\"async\" width=\"1920\" height=\"1200\" src=\"https:\/\/doctorucarer.com\/wp-content\/uploads\/2024\/04\/Untitled-design-2024-04-04T154822.459.png\" class=\"attachment-full size-full wp-image-890\" alt=\"Haus\u00e4rztliche Versorgung: Ihr Weg zu ganzheitlicher Gesundheit\" srcset=\"https:\/\/doctorucarer.com\/wp-content\/uploads\/2024\/04\/Untitled-design-2024-04-04T154822.459.png 1920w, https:\/\/doctorucarer.com\/wp-content\/uploads\/2024\/04\/Untitled-design-2024-04-04T154822.459-300x188.png 300w, https:\/\/doctorucarer.com\/wp-content\/uploads\/2024\/04\/Untitled-design-2024-04-04T154822.459-1024x640.png 1024w, https:\/\/doctorucarer.com\/wp-content\/uploads\/2024\/04\/Untitled-design-2024-04-04T154822.459-768x480.png 768w, https:\/\/doctorucarer.com\/wp-content\/uploads\/2024\/04\/Untitled-design-2024-04-04T154822.459-1536x960.png 1536w, https:\/\/doctorucarer.com\/wp-content\/uploads\/2024\/04\/Untitled-design-2024-04-04T154822.459-18x12.png 18w\" sizes=\"(max-width: 1920px) 100vw, 1920px\" \/>\t\t\t\t\t\t\t\t\t\t\t\t\t\t\t<\/div>\n\t\t\t\t<\/div>\n\t\t\t\t<\/div>\n\t\t\t\t\t<\/div>\n\t\t\t\t<\/div>\n\t\t\t\t<\/div>","protected":false},"excerpt":{"rendered":"<p>Ihre Bed\u00fcrfnisse verstehen Was bedeutet das f\u00fcr uns? Als Ihr Online-Gesundheitsdienstleister ist\u00a0 es unsere Verantwortung, Ihre Gesundheitssituation und die damit [&hellip;]<\/p>\n","protected":false},"author":1,"featured_media":0,"parent":0,"menu_order":0,"comment_status":"closed","ping_status":"closed","template":"elementor_header_footer","meta":{"om_disable_all_campaigns":false,"_uf_show_specific_survey":0,"_uf_disable_surveys":false,"site-sidebar-layout":"no-sidebar","site-content-layout":"","ast-site-content-layout":"full-width-container","site-content-style":"default","site-sidebar-style":"default","ast-global-header-display":"","ast-banner-title-visibility":"","ast-main-header-display":"","ast-hfb-above-header-display":"","ast-hfb-below-header-display":"","ast-hfb-mobile-header-display":"","site-post-title":"disabled","ast-breadcrumbs-content":"","ast-featured-img":"disabled","footer-sml-layout":"","theme-transparent-header-meta":"","adv-header-id-meta":"","stick-header-meta":"","header-above-stick-meta":"","header-main-stick-meta":"","header-below-stick-meta":"","astra-migrate-meta-layouts":"default","ast-page-background-enabled":"default","ast-page-background-meta":{"desktop":{"background-color":"var(--ast-global-color-4)","background-image":"","background-repeat":"repeat","background-position":"center center","background-size":"auto","background-attachment":"scroll","background-type":"","background-media":"","overlay-type":"","overlay-color":"","overlay-gradient":""},"tablet":{"background-color":"","background-image":"","background-repeat":"repeat","background-position":"center center","background-size":"auto","background-attachment":"scroll","background-type":"","background-media":"","overlay-type":"","overlay-color":"","overlay-gradient":""},"mobile":{"background-color":"","background-image":"","background-repeat":"repeat","background-position":"center center","background-size":"auto","background-attachment":"scroll","background-type":"","background-media":"","overlay-type":"","overlay-color":"","overlay-gradient":""}},"ast-content-background-meta":{"desktop":{"background-color":"var(--ast-global-color-5)","background-image":"","background-repeat":"repeat","background-position":"center center","background-size":"auto","background-attachment":"scroll","background-type":"","background-media":"","overlay-type":"","overlay-color":"","overlay-gradient":""},"tablet":{"background-color":"var(--ast-global-color-5)","background-image":"","background-repeat":"repeat","background-position":"center center","background-size":"auto","background-attachment":"scroll","background-type":"","background-media":"","overlay-type":"","overlay-color":"","overlay-gradient":""},"mobile":{"background-color":"var(--ast-global-color-5)","background-image":"","background-repeat":"repeat","background-position":"center center","background-size":"auto","background-attachment":"scroll","background-type":"","background-media":"","overlay-type":"","overlay-color":"","overlay-gradient":""}},"footnotes":""},"class_list":["post-21","page","type-page","status-publish","hentry"],"yoast_head":"<!-- This site is optimized with the Yoast SEO plugin v27.6 - https:\/\/yoast.com\/product\/yoast-seo-wordpress\/ -->\n<title>Haus\u00e4rztliche Versorgung - Dr. Serhat Ucarer<\/title>\n<meta name=\"robots\" content=\"index, follow, max-snippet:-1, max-image-preview:large, max-video-preview:-1\" \/>\n<link rel=\"canonical\" href=\"https:\/\/doctorucarer.com\/en\/hausarztliche-versorgung\/\" \/>\n<meta property=\"og:locale\" content=\"en_US\" \/>\n<meta property=\"og:type\" content=\"article\" \/>\n<meta property=\"og:title\" content=\"Haus\u00e4rztliche Versorgung - Dr. Serhat Ucarer\" \/>\n<meta property=\"og:description\" content=\"Ihre Bed\u00fcrfnisse verstehen Was bedeutet das f\u00fcr uns? Als Ihr Online-Gesundheitsdienstleister ist\u00a0 es unsere Verantwortung, Ihre Gesundheitssituation und die damit [&hellip;]\" \/>\n<meta property=\"og:url\" content=\"https:\/\/doctorucarer.com\/en\/hausarztliche-versorgung\/\" \/>\n<meta property=\"og:site_name\" content=\"Dr. Serhat Ucarer\" \/>\n<meta property=\"article:publisher\" content=\"https:\/\/www.facebook.com\/people\/Serhat-Ucarer\/\" \/>\n<meta property=\"article:modified_time\" content=\"2024-04-29T14:36:21+00:00\" \/>\n<meta property=\"og:image\" content=\"https:\/\/doctorucarer.com\/wp-content\/uploads\/2024\/04\/Untitled-design-2024-04-04T154726.097.png\" \/>\n<meta name=\"twitter:card\" content=\"summary_large_image\" \/>\n<meta name=\"twitter:label1\" content=\"Est. reading time\" \/>\n\t<meta name=\"twitter:data1\" content=\"2 minutes\" \/>\n<script type=\"application\/ld+json\" class=\"yoast-schema-graph\">{\"@context\":\"https:\\\/\\\/schema.org\",\"@graph\":[{\"@type\":\"WebPage\",\"@id\":\"https:\\\/\\\/doctorucarer.com\\\/hausarztliche-versorgung\\\/\",\"url\":\"https:\\\/\\\/doctorucarer.com\\\/hausarztliche-versorgung\\\/\",\"name\":\"Haus\u00e4rztliche Versorgung - Dr. Serhat Ucarer\",\"isPartOf\":{\"@id\":\"https:\\\/\\\/doctorucarer.com\\\/#website\"},\"primaryImageOfPage\":{\"@id\":\"https:\\\/\\\/doctorucarer.com\\\/hausarztliche-versorgung\\\/#primaryimage\"},\"image\":{\"@id\":\"https:\\\/\\\/doctorucarer.com\\\/hausarztliche-versorgung\\\/#primaryimage\"},\"thumbnailUrl\":\"https:\\\/\\\/doctorucarer.com\\\/wp-content\\\/uploads\\\/2024\\\/04\\\/Untitled-design-2024-04-04T154726.097.png\",\"datePublished\":\"2024-03-27T12:46:15+00:00\",\"dateModified\":\"2024-04-29T14:36:21+00:00\",\"breadcrumb\":{\"@id\":\"https:\\\/\\\/doctorucarer.com\\\/hausarztliche-versorgung\\\/#breadcrumb\"},\"inLanguage\":\"en-US\",\"potentialAction\":[{\"@type\":\"ReadAction\",\"target\":[\"https:\\\/\\\/doctorucarer.com\\\/hausarztliche-versorgung\\\/\"]}]},{\"@type\":\"ImageObject\",\"inLanguage\":\"en-US\",\"@id\":\"https:\\\/\\\/doctorucarer.com\\\/hausarztliche-versorgung\\\/#primaryimage\",\"url\":\"https:\\\/\\\/doctorucarer.com\\\/wp-content\\\/uploads\\\/2024\\\/04\\\/Untitled-design-2024-04-04T154726.097.png\",\"contentUrl\":\"https:\\\/\\\/doctorucarer.com\\\/wp-content\\\/uploads\\\/2024\\\/04\\\/Untitled-design-2024-04-04T154726.097.png\"},{\"@type\":\"BreadcrumbList\",\"@id\":\"https:\\\/\\\/doctorucarer.com\\\/hausarztliche-versorgung\\\/#breadcrumb\",\"itemListElement\":[{\"@type\":\"ListItem\",\"position\":1,\"name\":\"Home\",\"item\":\"https:\\\/\\\/doctorucarer.com\\\/\"},{\"@type\":\"ListItem\",\"position\":2,\"name\":\"Haus\u00e4rztliche Versorgung\"}]},{\"@type\":\"WebSite\",\"@id\":\"https:\\\/\\\/doctorucarer.com\\\/#website\",\"url\":\"https:\\\/\\\/doctorucarer.com\\\/\",\"name\":\"DR.Serhat Ucarer\",\"description\":\"Online-\u00c4rzte mit Online-Videosprechstunde oder Telemedizin f\u00fcr alle\",\"publisher\":{\"@id\":\"https:\\\/\\\/doctorucarer.com\\\/#organization\"},\"potentialAction\":[{\"@type\":\"SearchAction\",\"target\":{\"@type\":\"EntryPoint\",\"urlTemplate\":\"https:\\\/\\\/doctorucarer.com\\\/?s={search_term_string}\"},\"query-input\":{\"@type\":\"PropertyValueSpecification\",\"valueRequired\":true,\"valueName\":\"search_term_string\"}}],\"inLanguage\":\"en-US\"},{\"@type\":\"Organization\",\"@id\":\"https:\\\/\\\/doctorucarer.com\\\/#organization\",\"name\":\"DR.Serhat Ucarer\",\"url\":\"https:\\\/\\\/doctorucarer.com\\\/\",\"logo\":{\"@type\":\"ImageObject\",\"inLanguage\":\"en-US\",\"@id\":\"https:\\\/\\\/doctorucarer.com\\\/#\\\/schema\\\/logo\\\/image\\\/\",\"url\":\"https:\\\/\\\/doctorucarer.com\\\/wp-content\\\/uploads\\\/2024\\\/03\\\/Medical-Cross-Doctor-Logo-Template-1-e1711550658599.png\",\"contentUrl\":\"https:\\\/\\\/doctorucarer.com\\\/wp-content\\\/uploads\\\/2024\\\/03\\\/Medical-Cross-Doctor-Logo-Template-1-e1711550658599.png\",\"width\":468,\"height\":146,\"caption\":\"DR.Serhat Ucarer\"},\"image\":{\"@id\":\"https:\\\/\\\/doctorucarer.com\\\/#\\\/schema\\\/logo\\\/image\\\/\"},\"sameAs\":[\"https:\\\/\\\/www.facebook.com\\\/people\\\/Serhat-Ucarer\\\/\"]}]}<\/script>\n<!-- \/ Yoast SEO plugin. -->","yoast_head_json":{"title":"Haus\u00e4rztliche Versorgung - Dr. Serhat Ucarer","robots":{"index":"index","follow":"follow","max-snippet":"max-snippet:-1","max-image-preview":"max-image-preview:large","max-video-preview":"max-video-preview:-1"},"canonical":"https:\/\/doctorucarer.com\/en\/hausarztliche-versorgung\/","og_locale":"en_US","og_type":"article","og_title":"Haus\u00e4rztliche Versorgung - Dr. Serhat Ucarer","og_description":"Ihre Bed\u00fcrfnisse verstehen Was bedeutet das f\u00fcr uns? Als Ihr Online-Gesundheitsdienstleister ist\u00a0 es unsere Verantwortung, Ihre Gesundheitssituation und die damit [&hellip;]","og_url":"https:\/\/doctorucarer.com\/en\/hausarztliche-versorgung\/","og_site_name":"Dr. Serhat Ucarer","article_publisher":"https:\/\/www.facebook.com\/people\/Serhat-Ucarer\/","article_modified_time":"2024-04-29T14:36:21+00:00","og_image":[{"url":"https:\/\/doctorucarer.com\/wp-content\/uploads\/2024\/04\/Untitled-design-2024-04-04T154726.097.png","type":"","width":"","height":""}],"twitter_card":"summary_large_image","twitter_misc":{"Est. reading time":"2 minutes"},"schema":{"@context":"https:\/\/schema.org","@graph":[{"@type":"WebPage","@id":"https:\/\/doctorucarer.com\/hausarztliche-versorgung\/","url":"https:\/\/doctorucarer.com\/hausarztliche-versorgung\/","name":"Haus\u00e4rztliche Versorgung - Dr. Serhat Ucarer","isPartOf":{"@id":"https:\/\/doctorucarer.com\/#website"},"primaryImageOfPage":{"@id":"https:\/\/doctorucarer.com\/hausarztliche-versorgung\/#primaryimage"},"image":{"@id":"https:\/\/doctorucarer.com\/hausarztliche-versorgung\/#primaryimage"},"thumbnailUrl":"https:\/\/doctorucarer.com\/wp-content\/uploads\/2024\/04\/Untitled-design-2024-04-04T154726.097.png","datePublished":"2024-03-27T12:46:15+00:00","dateModified":"2024-04-29T14:36:21+00:00","breadcrumb":{"@id":"https:\/\/doctorucarer.com\/hausarztliche-versorgung\/#breadcrumb"},"inLanguage":"en-US","potentialAction":[{"@type":"ReadAction","target":["https:\/\/doctorucarer.com\/hausarztliche-versorgung\/"]}]},{"@type":"ImageObject","inLanguage":"en-US","@id":"https:\/\/doctorucarer.com\/hausarztliche-versorgung\/#primaryimage","url":"https:\/\/doctorucarer.com\/wp-content\/uploads\/2024\/04\/Untitled-design-2024-04-04T154726.097.png","contentUrl":"https:\/\/doctorucarer.com\/wp-content\/uploads\/2024\/04\/Untitled-design-2024-04-04T154726.097.png"},{"@type":"BreadcrumbList","@id":"https:\/\/doctorucarer.com\/hausarztliche-versorgung\/#breadcrumb","itemListElement":[{"@type":"ListItem","position":1,"name":"Home","item":"https:\/\/doctorucarer.com\/"},{"@type":"ListItem","position":2,"name":"Haus\u00e4rztliche Versorgung"}]},{"@type":"WebSite","@id":"https:\/\/doctorucarer.com\/#website","url":"https:\/\/doctorucarer.com\/","name":"DR.Serhat Ucarer","description":"Online-\u00c4rzte mit Online-Videosprechstunde oder Telemedizin f\u00fcr alle","publisher":{"@id":"https:\/\/doctorucarer.com\/#organization"},"potentialAction":[{"@type":"SearchAction","target":{"@type":"EntryPoint","urlTemplate":"https:\/\/doctorucarer.com\/?s={search_term_string}"},"query-input":{"@type":"PropertyValueSpecification","valueRequired":true,"valueName":"search_term_string"}}],"inLanguage":"en-US"},{"@type":"Organization","@id":"https:\/\/doctorucarer.com\/#organization","name":"DR.Serhat Ucarer","url":"https:\/\/doctorucarer.com\/","logo":{"@type":"ImageObject","inLanguage":"en-US","@id":"https:\/\/doctorucarer.com\/#\/schema\/logo\/image\/","url":"https:\/\/doctorucarer.com\/wp-content\/uploads\/2024\/03\/Medical-Cross-Doctor-Logo-Template-1-e1711550658599.png","contentUrl":"https:\/\/doctorucarer.com\/wp-content\/uploads\/2024\/03\/Medical-Cross-Doctor-Logo-Template-1-e1711550658599.png","width":468,"height":146,"caption":"DR.Serhat Ucarer"},"image":{"@id":"https:\/\/doctorucarer.com\/#\/schema\/logo\/image\/"},"sameAs":["https:\/\/www.facebook.com\/people\/Serhat-Ucarer\/"]}]}},"_links":{"self":[{"href":"https:\/\/doctorucarer.com\/en\/wp-json\/wp\/v2\/pages\/21","targetHints":{"allow":["GET"]}}],"collection":[{"href":"https:\/\/doctorucarer.com\/en\/wp-json\/wp\/v2\/pages"}],"about":[{"href":"https:\/\/doctorucarer.com\/en\/wp-json\/wp\/v2\/types\/page"}],"author":[{"embeddable":true,"href":"https:\/\/doctorucarer.com\/en\/wp-json\/wp\/v2\/users\/1"}],"replies":[{"embeddable":true,"href":"https:\/\/doctorucarer.com\/en\/wp-json\/wp\/v2\/comments?post=21"}],"version-history":[{"count":10,"href":"https:\/\/doctorucarer.com\/en\/wp-json\/wp\/v2\/pages\/21\/revisions"}],"predecessor-version":[{"id":1218,"href":"https:\/\/doctorucarer.com\/en\/wp-json\/wp\/v2\/pages\/21\/revisions\/1218"}],"wp:attachment":[{"href":"https:\/\/doctorucarer.com\/en\/wp-json\/wp\/v2\/media?parent=21"}],"curies":[{"name":"wp","href":"https:\/\/api.w.org\/{rel}","templated":true}]}}