{"id":15,"date":"2024-03-27T12:45:30","date_gmt":"2024-03-27T12:45:30","guid":{"rendered":"https:\/\/doctorucarer.com\/?page_id=15"},"modified":"2024-04-29T14:26:39","modified_gmt":"2024-04-29T14:26:39","slug":"innere-medizin","status":"publish","type":"page","link":"https:\/\/doctorucarer.com\/tr\/innere-medizin\/","title":{"rendered":"\u0130\u00e7 hastal\u0131klar\u0131"},"content":{"rendered":"<div data-elementor-type=\"wp-page\" data-elementor-id=\"15\" class=\"elementor elementor-15\" data-elementor-post-type=\"page\">\n\t\t\t\t<div class=\"elementor-element elementor-element-1f84ad6 e-flex e-con-boxed e-con e-parent\" data-id=\"1f84ad6\" data-element_type=\"container\" data-e-type=\"container\" data-settings=\"{&quot;background_background&quot;:&quot;classic&quot;}\">\n\t\t\t\t\t<div class=\"e-con-inner\">\n\t\t<div class=\"elementor-element elementor-element-8efaf95 e-con-full e-flex e-con e-child\" data-id=\"8efaf95\" data-element_type=\"container\" data-e-type=\"container\">\n\t\t\t\t<div class=\"elementor-element elementor-element-8e72d51 elementor-widget elementor-widget-heading\" data-id=\"8e72d51\" data-element_type=\"widget\" data-e-type=\"widget\" data-widget_type=\"heading.default\">\n\t\t\t\t<div class=\"elementor-widget-container\">\n\t\t\t\t\t<h2 class=\"elementor-heading-title elementor-size-default\">\u0130\u00e7 hastal\u0131klar\u0131<\/h2>\t\t\t\t<\/div>\n\t\t\t\t<\/div>\n\t\t\t\t<div class=\"elementor-element elementor-element-1429fa2 elementor-widget elementor-widget-heading\" data-id=\"1429fa2\" data-element_type=\"widget\" data-e-type=\"widget\" data-widget_type=\"heading.default\">\n\t\t\t\t<div class=\"elementor-widget-container\">\n\t\t\t\t\t<div class=\"elementor-heading-title elementor-size-default\"><strong>Bu bizim i\u00e7in ne anlama geliyor?<\/strong><\/div>\t\t\t\t<\/div>\n\t\t\t\t<\/div>\n\t\t\t\t<div class=\"elementor-element elementor-element-0f51d92 elementor-widget elementor-widget-text-editor\" data-id=\"0f51d92\" data-element_type=\"widget\" data-e-type=\"widget\" data-widget_type=\"text-editor.default\">\n\t\t\t\t<div class=\"elementor-widget-container\">\n\t\t\t\t\t\t\t\t\t<p>Bizimle sa\u011fl\u0131\u011f\u0131n\u0131z \u00f6n plandad\u0131r.  V\u00fccudunuzun uzman\u0131 oldu\u011funuzu ve sa\u011fl\u0131\u011f\u0131n\u0131z\u0131 en iyi sizin bildi\u011finizi biliyoruz.<br \/>Amac\u0131m\u0131z, sa\u011fl\u0131k sorunlar\u0131n\u0131 anlaman\u0131za ve sizin i\u00e7in do\u011fru \u00f6nlemleri, terapileri ve yard\u0131mlar\u0131 bulman\u0131za yard\u0131mc\u0131 olmakt\u0131r.<br \/>Sa\u011fl\u0131\u011f\u0131n\u0131zla ilgili bilin\u00e7li kararlar verebilmeniz i\u00e7in t\u0131bbi konular\u0131 anla\u015f\u0131l\u0131r bir \u015fekilde a\u00e7\u0131klamaya b\u00fcy\u00fck \u00f6nem veriyoruz ve t\u0131bbi orta\u011f\u0131n\u0131z olarak \u00f6nceli\u011fimiz sa\u011fl\u0131\u011f\u0131n\u0131za dikkat etmek, hastal\u0131klar\u0131 \u00f6nlemek ve ya\u015fam kalitenizi art\u0131rmakt\u0131r.<\/p>\t\t\t\t\t\t\t\t<\/div>\n\t\t\t\t<\/div>\n\t\t\t\t<div class=\"elementor-element elementor-element-683bf6e elementor-widget elementor-widget-button\" data-id=\"683bf6e\" data-element_type=\"widget\" data-e-type=\"widget\" data-widget_type=\"button.default\">\n\t\t\t\t<div class=\"elementor-widget-container\">\n\t\t\t\t\t\t\t\t\t<div class=\"elementor-button-wrapper\">\n\t\t\t\t\t<a class=\"elementor-button elementor-button-link elementor-size-sm\" href=\"https:\/\/doctorucarer.com\/index.php\/buchen-sie-einen-termin\/\">\n\t\t\t\t\t\t<span class=\"elementor-button-content-wrapper\">\n\t\t\t\t\t\t\t\t\t<span class=\"elementor-button-text\">Randevu al\u0131n<\/span>\n\t\t\t\t\t<\/span>\n\t\t\t\t\t<\/a>\n\t\t\t\t<\/div>\n\t\t\t\t\t\t\t\t<\/div>\n\t\t\t\t<\/div>\n\t\t\t\t<\/div>\n\t\t<div class=\"elementor-element elementor-element-f867993 e-con-full e-flex e-con e-child\" data-id=\"f867993\" data-element_type=\"container\" data-e-type=\"container\">\n\t\t\t\t<div class=\"elementor-element elementor-element-728cfbc elementor-widget elementor-widget-image\" data-id=\"728cfbc\" data-element_type=\"widget\" data-e-type=\"widget\" data-widget_type=\"image.default\">\n\t\t\t\t<div class=\"elementor-widget-container\">\n\t\t\t\t\t\t\t\t\t\t\t\t\t\t\t<img fetchpriority=\"high\" decoding=\"async\" width=\"1800\" height=\"1200\" src=\"https:\/\/doctorucarer.com\/wp-content\/uploads\/2024\/03\/collage-medical-issue-with-blood-stool-scaled.jpg\" class=\"attachment-full size-full wp-image-242\" alt=\"Innere Medizin\" srcset=\"https:\/\/doctorucarer.com\/wp-content\/uploads\/2024\/03\/collage-medical-issue-with-blood-stool-scaled.jpg 1800w, https:\/\/doctorucarer.com\/wp-content\/uploads\/2024\/03\/collage-medical-issue-with-blood-stool-300x200.jpg 300w, https:\/\/doctorucarer.com\/wp-content\/uploads\/2024\/03\/collage-medical-issue-with-blood-stool-1024x683.jpg 1024w, https:\/\/doctorucarer.com\/wp-content\/uploads\/2024\/03\/collage-medical-issue-with-blood-stool-768x512.jpg 768w, https:\/\/doctorucarer.com\/wp-content\/uploads\/2024\/03\/collage-medical-issue-with-blood-stool-1536x1024.jpg 1536w, https:\/\/doctorucarer.com\/wp-content\/uploads\/2024\/03\/collage-medical-issue-with-blood-stool-2048x1365.jpg 2048w\" sizes=\"(max-width: 1800px) 100vw, 1800px\" \/>\t\t\t\t\t\t\t\t\t\t\t\t\t\t\t<\/div>\n\t\t\t\t<\/div>\n\t\t\t\t<\/div>\n\t\t\t\t\t<\/div>\n\t\t\t\t<\/div>\n\t\t<div class=\"elementor-element elementor-element-d53dff0 e-flex e-con-boxed e-con e-parent\" data-id=\"d53dff0\" data-element_type=\"container\" data-e-type=\"container\" data-settings=\"{&quot;background_background&quot;:&quot;classic&quot;}\">\n\t\t\t\t\t<div class=\"e-con-inner\">\n\t\t<div class=\"elementor-element elementor-element-132118a e-con-full e-flex e-con e-child\" data-id=\"132118a\" data-element_type=\"container\" data-e-type=\"container\">\n\t\t\t\t<div class=\"elementor-element elementor-element-b0a5df4 elementor-widget elementor-widget-text-editor\" data-id=\"b0a5df4\" data-element_type=\"widget\" data-e-type=\"widget\" data-widget_type=\"text-editor.default\">\n\t\t\t\t<div class=\"elementor-widget-container\">\n\t\t\t\t\t\t\t\t\t<p>Belirtilerinizi derinlemesine incelemek ve do\u011fru bir \u015fekilde te\u015fhis etmek i\u00e7in standart t\u0131bbi ekipmana ek olarak bir dizi modern alet kullan\u0131yoruz. Bunlar \u015funlar\u0131 i\u00e7erir:<\/p><ul><li>Uzun s\u00fcreli kan bas\u0131nc\u0131 \u00f6l\u00e7\u00fcm\u00fc<\/li><li>Ultrason muayenesi<\/li><li>Akci\u011fer fonksiyon testleri<\/li><li>Oftalmolojik muayene<\/li><li>Odyometrik muayene<\/li><li>Elektrokardiyografi (EKG)<\/li><li>Elektrokardiyografi ile stres testi<\/li><li>S\u00fcrekli ambulatuvar elektrokardiyografi<\/li><\/ul><p>Bu geli\u015fmi\u015f ara\u00e7lar sayesinde durumunuzu tam olarak de\u011ferlendirebiliyor, b\u00f6ylece en etkili tedavi plan\u0131n\u0131 bireysel ihtiya\u00e7lar\u0131n\u0131za g\u00f6re uyarlayabiliyoruz.<\/p>\t\t\t\t\t\t\t\t<\/div>\n\t\t\t\t<\/div>\n\t\t\t\t<\/div>\n\t\t<div class=\"elementor-element elementor-element-6b70130 e-con-full e-flex e-con e-child\" data-id=\"6b70130\" data-element_type=\"container\" data-e-type=\"container\">\n\t\t\t\t<div class=\"elementor-element elementor-element-5e007ed elementor-widget elementor-widget-image\" data-id=\"5e007ed\" data-element_type=\"widget\" data-e-type=\"widget\" data-widget_type=\"image.default\">\n\t\t\t\t<div class=\"elementor-widget-container\">\n\t\t\t\t\t\t\t\t\t\t\t\t\t\t\t<img decoding=\"async\" width=\"1800\" height=\"1200\" src=\"https:\/\/doctorucarer.com\/wp-content\/uploads\/2024\/03\/view-anatomic-heart-model-educational-purpose-with-stethoscope-1-scaled.jpg\" class=\"attachment-full size-full wp-image-433\" alt=\"Ihre Kompass f\u00fcr Gesundheit und Wohlbefinden\" srcset=\"https:\/\/doctorucarer.com\/wp-content\/uploads\/2024\/03\/view-anatomic-heart-model-educational-purpose-with-stethoscope-1-scaled.jpg 1800w, https:\/\/doctorucarer.com\/wp-content\/uploads\/2024\/03\/view-anatomic-heart-model-educational-purpose-with-stethoscope-1-300x200.jpg 300w, https:\/\/doctorucarer.com\/wp-content\/uploads\/2024\/03\/view-anatomic-heart-model-educational-purpose-with-stethoscope-1-1024x683.jpg 1024w, https:\/\/doctorucarer.com\/wp-content\/uploads\/2024\/03\/view-anatomic-heart-model-educational-purpose-with-stethoscope-1-768x512.jpg 768w, https:\/\/doctorucarer.com\/wp-content\/uploads\/2024\/03\/view-anatomic-heart-model-educational-purpose-with-stethoscope-1-1536x1024.jpg 1536w, https:\/\/doctorucarer.com\/wp-content\/uploads\/2024\/03\/view-anatomic-heart-model-educational-purpose-with-stethoscope-1-2048x1365.jpg 2048w, https:\/\/doctorucarer.com\/wp-content\/uploads\/2024\/03\/view-anatomic-heart-model-educational-purpose-with-stethoscope-1-18x12.jpg 18w\" sizes=\"(max-width: 1800px) 100vw, 1800px\" \/>\t\t\t\t\t\t\t\t\t\t\t\t\t\t\t<\/div>\n\t\t\t\t<\/div>\n\t\t\t\t<\/div>\n\t\t\t\t\t<\/div>\n\t\t\t\t<\/div>\n\t\t\t\t<\/div>","protected":false},"excerpt":{"rendered":"<p>Innere Medizin Was bedeutet das f\u00fcr uns? Bei uns steht Ihre\u00a0 Gesundheit im Mittelpunkt.\u00a0 Wir verstehen, dass Sie der Experte [&hellip;]<\/p>\n","protected":false},"author":1,"featured_media":0,"parent":0,"menu_order":0,"comment_status":"closed","ping_status":"closed","template":"elementor_header_footer","meta":{"om_disable_all_campaigns":false,"_uf_show_specific_survey":0,"_uf_disable_surveys":false,"site-sidebar-layout":"no-sidebar","site-content-layout":"","ast-site-content-layout":"full-width-container","site-content-style":"default","site-sidebar-style":"default","ast-global-header-display":"","ast-banner-title-visibility":"","ast-main-header-display":"","ast-hfb-above-header-display":"","ast-hfb-below-header-display":"","ast-hfb-mobile-header-display":"","site-post-title":"disabled","ast-breadcrumbs-content":"","ast-featured-img":"disabled","footer-sml-layout":"","theme-transparent-header-meta":"","adv-header-id-meta":"","stick-header-meta":"","header-above-stick-meta":"","header-main-stick-meta":"","header-below-stick-meta":"","astra-migrate-meta-layouts":"default","ast-page-background-enabled":"default","ast-page-background-meta":{"desktop":{"background-color":"var(--ast-global-color-4)","background-image":"","background-repeat":"repeat","background-position":"center center","background-size":"auto","background-attachment":"scroll","background-type":"","background-media":"","overlay-type":"","overlay-color":"","overlay-gradient":""},"tablet":{"background-color":"","background-image":"","background-repeat":"repeat","background-position":"center center","background-size":"auto","background-attachment":"scroll","background-type":"","background-media":"","overlay-type":"","overlay-color":"","overlay-gradient":""},"mobile":{"background-color":"","background-image":"","background-repeat":"repeat","background-position":"center center","background-size":"auto","background-attachment":"scroll","background-type":"","background-media":"","overlay-type":"","overlay-color":"","overlay-gradient":""}},"ast-content-background-meta":{"desktop":{"background-color":"var(--ast-global-color-5)","background-image":"","background-repeat":"repeat","background-position":"center center","background-size":"auto","background-attachment":"scroll","background-type":"","background-media":"","overlay-type":"","overlay-color":"","overlay-gradient":""},"tablet":{"background-color":"var(--ast-global-color-5)","background-image":"","background-repeat":"repeat","background-position":"center center","background-size":"auto","background-attachment":"scroll","background-type":"","background-media":"","overlay-type":"","overlay-color":"","overlay-gradient":""},"mobile":{"background-color":"var(--ast-global-color-5)","background-image":"","background-repeat":"repeat","background-position":"center center","background-size":"auto","background-attachment":"scroll","background-type":"","background-media":"","overlay-type":"","overlay-color":"","overlay-gradient":""}},"footnotes":""},"class_list":["post-15","page","type-page","status-publish","hentry"],"yoast_head":"<!-- This site is optimized with the Yoast SEO plugin v27.6 - https:\/\/yoast.com\/product\/yoast-seo-wordpress\/ -->\n<title>Innere Medizin - Dr. Serhat Ucarer<\/title>\n<meta name=\"robots\" content=\"index, follow, max-snippet:-1, max-image-preview:large, max-video-preview:-1\" \/>\n<link rel=\"canonical\" href=\"https:\/\/doctorucarer.com\/tr\/innere-medizin\/\" \/>\n<meta property=\"og:locale\" content=\"tr_TR\" \/>\n<meta property=\"og:type\" content=\"article\" \/>\n<meta property=\"og:title\" content=\"Innere Medizin - Dr. Serhat Ucarer\" \/>\n<meta property=\"og:description\" content=\"Innere Medizin Was bedeutet das f\u00fcr uns? Bei uns steht Ihre\u00a0 Gesundheit im Mittelpunkt.\u00a0 Wir verstehen, dass Sie der Experte [&hellip;]\" \/>\n<meta property=\"og:url\" content=\"https:\/\/doctorucarer.com\/tr\/innere-medizin\/\" \/>\n<meta property=\"og:site_name\" content=\"Dr. Serhat Ucarer\" \/>\n<meta property=\"article:publisher\" content=\"https:\/\/www.facebook.com\/people\/Serhat-Ucarer\/\" \/>\n<meta property=\"article:modified_time\" content=\"2024-04-29T14:26:39+00:00\" \/>\n<meta property=\"og:image\" content=\"https:\/\/doctorucarer.com\/wp-content\/uploads\/2024\/03\/collage-medical-issue-with-blood-stool-scaled.jpg\" \/>\n<meta name=\"twitter:card\" content=\"summary_large_image\" \/>\n<meta name=\"twitter:label1\" content=\"Tahmini okuma s\u00fcresi\" \/>\n\t<meta name=\"twitter:data1\" content=\"2 dakika\" \/>\n<script type=\"application\/ld+json\" class=\"yoast-schema-graph\">{\"@context\":\"https:\\\/\\\/schema.org\",\"@graph\":[{\"@type\":\"WebPage\",\"@id\":\"https:\\\/\\\/doctorucarer.com\\\/innere-medizin\\\/\",\"url\":\"https:\\\/\\\/doctorucarer.com\\\/innere-medizin\\\/\",\"name\":\"Innere Medizin - Dr. Serhat Ucarer\",\"isPartOf\":{\"@id\":\"https:\\\/\\\/doctorucarer.com\\\/#website\"},\"primaryImageOfPage\":{\"@id\":\"https:\\\/\\\/doctorucarer.com\\\/innere-medizin\\\/#primaryimage\"},\"image\":{\"@id\":\"https:\\\/\\\/doctorucarer.com\\\/innere-medizin\\\/#primaryimage\"},\"thumbnailUrl\":\"https:\\\/\\\/doctorucarer.com\\\/wp-content\\\/uploads\\\/2024\\\/03\\\/collage-medical-issue-with-blood-stool-scaled.jpg\",\"datePublished\":\"2024-03-27T12:45:30+00:00\",\"dateModified\":\"2024-04-29T14:26:39+00:00\",\"breadcrumb\":{\"@id\":\"https:\\\/\\\/doctorucarer.com\\\/innere-medizin\\\/#breadcrumb\"},\"inLanguage\":\"tr\",\"potentialAction\":[{\"@type\":\"ReadAction\",\"target\":[\"https:\\\/\\\/doctorucarer.com\\\/innere-medizin\\\/\"]}]},{\"@type\":\"ImageObject\",\"inLanguage\":\"tr\",\"@id\":\"https:\\\/\\\/doctorucarer.com\\\/innere-medizin\\\/#primaryimage\",\"url\":\"https:\\\/\\\/doctorucarer.com\\\/wp-content\\\/uploads\\\/2024\\\/03\\\/collage-medical-issue-with-blood-stool-scaled.jpg\",\"contentUrl\":\"https:\\\/\\\/doctorucarer.com\\\/wp-content\\\/uploads\\\/2024\\\/03\\\/collage-medical-issue-with-blood-stool-scaled.jpg\"},{\"@type\":\"BreadcrumbList\",\"@id\":\"https:\\\/\\\/doctorucarer.com\\\/innere-medizin\\\/#breadcrumb\",\"itemListElement\":[{\"@type\":\"ListItem\",\"position\":1,\"name\":\"Home\",\"item\":\"https:\\\/\\\/doctorucarer.com\\\/\"},{\"@type\":\"ListItem\",\"position\":2,\"name\":\"Innere Medizin\"}]},{\"@type\":\"WebSite\",\"@id\":\"https:\\\/\\\/doctorucarer.com\\\/#website\",\"url\":\"https:\\\/\\\/doctorucarer.com\\\/\",\"name\":\"DR.Serhat Ucarer\",\"description\":\"Online-\u00c4rzte mit Online-Videosprechstunde oder Telemedizin f\u00fcr alle\",\"publisher\":{\"@id\":\"https:\\\/\\\/doctorucarer.com\\\/#organization\"},\"potentialAction\":[{\"@type\":\"SearchAction\",\"target\":{\"@type\":\"EntryPoint\",\"urlTemplate\":\"https:\\\/\\\/doctorucarer.com\\\/?s={search_term_string}\"},\"query-input\":{\"@type\":\"PropertyValueSpecification\",\"valueRequired\":true,\"valueName\":\"search_term_string\"}}],\"inLanguage\":\"tr\"},{\"@type\":\"Organization\",\"@id\":\"https:\\\/\\\/doctorucarer.com\\\/#organization\",\"name\":\"DR.Serhat Ucarer\",\"url\":\"https:\\\/\\\/doctorucarer.com\\\/\",\"logo\":{\"@type\":\"ImageObject\",\"inLanguage\":\"tr\",\"@id\":\"https:\\\/\\\/doctorucarer.com\\\/#\\\/schema\\\/logo\\\/image\\\/\",\"url\":\"https:\\\/\\\/doctorucarer.com\\\/wp-content\\\/uploads\\\/2024\\\/03\\\/Medical-Cross-Doctor-Logo-Template-1-e1711550658599.png\",\"contentUrl\":\"https:\\\/\\\/doctorucarer.com\\\/wp-content\\\/uploads\\\/2024\\\/03\\\/Medical-Cross-Doctor-Logo-Template-1-e1711550658599.png\",\"width\":468,\"height\":146,\"caption\":\"DR.Serhat Ucarer\"},\"image\":{\"@id\":\"https:\\\/\\\/doctorucarer.com\\\/#\\\/schema\\\/logo\\\/image\\\/\"},\"sameAs\":[\"https:\\\/\\\/www.facebook.com\\\/people\\\/Serhat-Ucarer\\\/\"]}]}<\/script>\n<!-- \/ Yoast SEO plugin. -->","yoast_head_json":{"title":"Innere Medizin - Dr. Serhat Ucarer","robots":{"index":"index","follow":"follow","max-snippet":"max-snippet:-1","max-image-preview":"max-image-preview:large","max-video-preview":"max-video-preview:-1"},"canonical":"https:\/\/doctorucarer.com\/tr\/innere-medizin\/","og_locale":"tr_TR","og_type":"article","og_title":"Innere Medizin - Dr. Serhat Ucarer","og_description":"Innere Medizin Was bedeutet das f\u00fcr uns? Bei uns steht Ihre\u00a0 Gesundheit im Mittelpunkt.\u00a0 Wir verstehen, dass Sie der Experte [&hellip;]","og_url":"https:\/\/doctorucarer.com\/tr\/innere-medizin\/","og_site_name":"Dr. Serhat Ucarer","article_publisher":"https:\/\/www.facebook.com\/people\/Serhat-Ucarer\/","article_modified_time":"2024-04-29T14:26:39+00:00","og_image":[{"url":"https:\/\/doctorucarer.com\/wp-content\/uploads\/2024\/03\/collage-medical-issue-with-blood-stool-scaled.jpg","type":"","width":"","height":""}],"twitter_card":"summary_large_image","twitter_misc":{"Tahmini okuma s\u00fcresi":"2 dakika"},"schema":{"@context":"https:\/\/schema.org","@graph":[{"@type":"WebPage","@id":"https:\/\/doctorucarer.com\/innere-medizin\/","url":"https:\/\/doctorucarer.com\/innere-medizin\/","name":"Innere Medizin - Dr. Serhat Ucarer","isPartOf":{"@id":"https:\/\/doctorucarer.com\/#website"},"primaryImageOfPage":{"@id":"https:\/\/doctorucarer.com\/innere-medizin\/#primaryimage"},"image":{"@id":"https:\/\/doctorucarer.com\/innere-medizin\/#primaryimage"},"thumbnailUrl":"https:\/\/doctorucarer.com\/wp-content\/uploads\/2024\/03\/collage-medical-issue-with-blood-stool-scaled.jpg","datePublished":"2024-03-27T12:45:30+00:00","dateModified":"2024-04-29T14:26:39+00:00","breadcrumb":{"@id":"https:\/\/doctorucarer.com\/innere-medizin\/#breadcrumb"},"inLanguage":"tr","potentialAction":[{"@type":"ReadAction","target":["https:\/\/doctorucarer.com\/innere-medizin\/"]}]},{"@type":"ImageObject","inLanguage":"tr","@id":"https:\/\/doctorucarer.com\/innere-medizin\/#primaryimage","url":"https:\/\/doctorucarer.com\/wp-content\/uploads\/2024\/03\/collage-medical-issue-with-blood-stool-scaled.jpg","contentUrl":"https:\/\/doctorucarer.com\/wp-content\/uploads\/2024\/03\/collage-medical-issue-with-blood-stool-scaled.jpg"},{"@type":"BreadcrumbList","@id":"https:\/\/doctorucarer.com\/innere-medizin\/#breadcrumb","itemListElement":[{"@type":"ListItem","position":1,"name":"Home","item":"https:\/\/doctorucarer.com\/"},{"@type":"ListItem","position":2,"name":"Innere Medizin"}]},{"@type":"WebSite","@id":"https:\/\/doctorucarer.com\/#website","url":"https:\/\/doctorucarer.com\/","name":"DR.Serhat Ucarer","description":"Online-\u00c4rzte mit Online-Videosprechstunde oder Telemedizin f\u00fcr alle","publisher":{"@id":"https:\/\/doctorucarer.com\/#organization"},"potentialAction":[{"@type":"SearchAction","target":{"@type":"EntryPoint","urlTemplate":"https:\/\/doctorucarer.com\/?s={search_term_string}"},"query-input":{"@type":"PropertyValueSpecification","valueRequired":true,"valueName":"search_term_string"}}],"inLanguage":"tr"},{"@type":"Organization","@id":"https:\/\/doctorucarer.com\/#organization","name":"DR.Serhat Ucarer","url":"https:\/\/doctorucarer.com\/","logo":{"@type":"ImageObject","inLanguage":"tr","@id":"https:\/\/doctorucarer.com\/#\/schema\/logo\/image\/","url":"https:\/\/doctorucarer.com\/wp-content\/uploads\/2024\/03\/Medical-Cross-Doctor-Logo-Template-1-e1711550658599.png","contentUrl":"https:\/\/doctorucarer.com\/wp-content\/uploads\/2024\/03\/Medical-Cross-Doctor-Logo-Template-1-e1711550658599.png","width":468,"height":146,"caption":"DR.Serhat Ucarer"},"image":{"@id":"https:\/\/doctorucarer.com\/#\/schema\/logo\/image\/"},"sameAs":["https:\/\/www.facebook.com\/people\/Serhat-Ucarer\/"]}]}},"_links":{"self":[{"href":"https:\/\/doctorucarer.com\/tr\/wp-json\/wp\/v2\/pages\/15","targetHints":{"allow":["GET"]}}],"collection":[{"href":"https:\/\/doctorucarer.com\/tr\/wp-json\/wp\/v2\/pages"}],"about":[{"href":"https:\/\/doctorucarer.com\/tr\/wp-json\/wp\/v2\/types\/page"}],"author":[{"embeddable":true,"href":"https:\/\/doctorucarer.com\/tr\/wp-json\/wp\/v2\/users\/1"}],"replies":[{"embeddable":true,"href":"https:\/\/doctorucarer.com\/tr\/wp-json\/wp\/v2\/comments?post=15"}],"version-history":[{"count":49,"href":"https:\/\/doctorucarer.com\/tr\/wp-json\/wp\/v2\/pages\/15\/revisions"}],"predecessor-version":[{"id":1204,"href":"https:\/\/doctorucarer.com\/tr\/wp-json\/wp\/v2\/pages\/15\/revisions\/1204"}],"wp:attachment":[{"href":"https:\/\/doctorucarer.com\/tr\/wp-json\/wp\/v2\/media?parent=15"}],"curies":[{"name":"wp","href":"https:\/\/api.w.org\/{rel}","templated":true}]}}