{"id":23,"date":"2024-03-27T12:46:33","date_gmt":"2024-03-27T12:46:33","guid":{"rendered":"https:\/\/doctorucarer.com\/?page_id=23"},"modified":"2024-04-29T14:38:28","modified_gmt":"2024-04-29T14:38:28","slug":"manuelle-medizin","status":"publish","type":"page","link":"https:\/\/doctorucarer.com\/tr\/manuelle-medizin\/","title":{"rendered":"Manuel t\u0131p"},"content":{"rendered":"<div data-elementor-type=\"wp-page\" data-elementor-id=\"23\" class=\"elementor elementor-23\" data-elementor-post-type=\"page\">\n\t\t\t\t<div class=\"elementor-element elementor-element-4f84dc6 e-flex e-con-boxed e-con e-parent\" data-id=\"4f84dc6\" data-element_type=\"container\" data-e-type=\"container\" data-settings=\"{&quot;background_background&quot;:&quot;classic&quot;}\">\n\t\t\t\t\t<div class=\"e-con-inner\">\n\t\t<div class=\"elementor-element elementor-element-d76d166 e-con-full e-flex e-con e-child\" data-id=\"d76d166\" data-element_type=\"container\" data-e-type=\"container\">\n\t\t\t\t<div class=\"elementor-element elementor-element-faf4e8c elementor-widget elementor-widget-heading\" data-id=\"faf4e8c\" data-element_type=\"widget\" data-e-type=\"widget\" data-widget_type=\"heading.default\">\n\t\t\t\t<div class=\"elementor-widget-container\">\n\t\t\t\t\t<h2 class=\"elementor-heading-title elementor-size-default\">Manuel terapi - online tedavide enjeksiyonlara alternatif<\/h2>\t\t\t\t<\/div>\n\t\t\t\t<\/div>\n\t\t\t\t<div class=\"elementor-element elementor-element-9a0a456 elementor-widget elementor-widget-heading\" data-id=\"9a0a456\" data-element_type=\"widget\" data-e-type=\"widget\" data-widget_type=\"heading.default\">\n\t\t\t\t<div class=\"elementor-widget-container\">\n\t\t\t\t\t<div class=\"elementor-heading-title elementor-size-default\"><strong>Bu bizim i\u00e7in ne anlama geliyor?<\/strong><\/div>\t\t\t\t<\/div>\n\t\t\t\t<\/div>\n\t\t\t\t<div class=\"elementor-element elementor-element-4a4aaa5 elementor-widget elementor-widget-text-editor\" data-id=\"4a4aaa5\" data-element_type=\"widget\" data-e-type=\"widget\" data-widget_type=\"text-editor.default\">\n\t\t\t\t<div class=\"elementor-widget-container\">\n\t\t\t\t\t\t\t\t\tBir\u00e7ok insan, genellikle hareketsiz ya\u015fam tarz\u0131m\u0131za atfedilebilecek s\u0131rt a\u011fr\u0131s\u0131 gibi kas-iskelet sistemi \u015fikayetlerinden muzdariptir.\n\nManuel terapi, kas-iskelet sistemi bozukluklar\u0131n\u0131n te\u015fhis ve tedavisi ile ilgilenen \u00e7e\u015fitli modern tedavi teknikleri i\u00e7in kullan\u0131lan genel bir terimdir. Kiroterapi (manuel tekniklerle iyile\u015ftirme) ve osteopati (a\u011fr\u0131l\u0131 kemiklerin tedavisi) unsurlar\u0131n\u0131 birle\u015ftirir.\t\t\t\t\t\t\t\t<\/div>\n\t\t\t\t<\/div>\n\t\t\t\t<div class=\"elementor-element elementor-element-affbcaf elementor-widget elementor-widget-button\" data-id=\"affbcaf\" data-element_type=\"widget\" data-e-type=\"widget\" data-widget_type=\"button.default\">\n\t\t\t\t<div class=\"elementor-widget-container\">\n\t\t\t\t\t\t\t\t\t<div class=\"elementor-button-wrapper\">\n\t\t\t\t\t<a class=\"elementor-button elementor-button-link elementor-size-sm\" href=\"https:\/\/doctorucarer.com\/index.php\/buchen-sie-einen-termin\/\">\n\t\t\t\t\t\t<span class=\"elementor-button-content-wrapper\">\n\t\t\t\t\t\t\t\t\t<span class=\"elementor-button-text\">Randevu al\u0131n<\/span>\n\t\t\t\t\t<\/span>\n\t\t\t\t\t<\/a>\n\t\t\t\t<\/div>\n\t\t\t\t\t\t\t\t<\/div>\n\t\t\t\t<\/div>\n\t\t\t\t<\/div>\n\t\t<div class=\"elementor-element elementor-element-63ff070 e-con-full e-flex e-con e-child\" data-id=\"63ff070\" data-element_type=\"container\" data-e-type=\"container\">\n\t\t\t\t<div class=\"elementor-element elementor-element-317369f elementor-widget elementor-widget-image\" data-id=\"317369f\" data-element_type=\"widget\" data-e-type=\"widget\" data-widget_type=\"image.default\">\n\t\t\t\t<div class=\"elementor-widget-container\">\n\t\t\t\t\t\t\t\t\t\t\t\t\t\t\t<img fetchpriority=\"high\" decoding=\"async\" width=\"1920\" height=\"1200\" src=\"https:\/\/doctorucarer.com\/wp-content\/uploads\/2024\/04\/Untitled-design-2024-04-04T155332.139.png\" class=\"attachment-full size-full wp-image-898\" alt=\"Manuelle Medizin\" srcset=\"https:\/\/doctorucarer.com\/wp-content\/uploads\/2024\/04\/Untitled-design-2024-04-04T155332.139.png 1920w, https:\/\/doctorucarer.com\/wp-content\/uploads\/2024\/04\/Untitled-design-2024-04-04T155332.139-300x188.png 300w, https:\/\/doctorucarer.com\/wp-content\/uploads\/2024\/04\/Untitled-design-2024-04-04T155332.139-1024x640.png 1024w, https:\/\/doctorucarer.com\/wp-content\/uploads\/2024\/04\/Untitled-design-2024-04-04T155332.139-768x480.png 768w, https:\/\/doctorucarer.com\/wp-content\/uploads\/2024\/04\/Untitled-design-2024-04-04T155332.139-1536x960.png 1536w, https:\/\/doctorucarer.com\/wp-content\/uploads\/2024\/04\/Untitled-design-2024-04-04T155332.139-18x12.png 18w\" sizes=\"(max-width: 1920px) 100vw, 1920px\" \/>\t\t\t\t\t\t\t\t\t\t\t\t\t\t\t<\/div>\n\t\t\t\t<\/div>\n\t\t\t\t<\/div>\n\t\t\t\t\t<\/div>\n\t\t\t\t<\/div>\n\t\t<div class=\"elementor-element elementor-element-d173afa e-flex e-con-boxed e-con e-parent\" data-id=\"d173afa\" data-element_type=\"container\" data-e-type=\"container\" data-settings=\"{&quot;background_background&quot;:&quot;classic&quot;}\">\n\t\t\t\t\t<div class=\"e-con-inner\">\n\t\t<div class=\"elementor-element elementor-element-9ae2b0f e-con-full e-flex e-con e-child\" data-id=\"9ae2b0f\" data-element_type=\"container\" data-e-type=\"container\">\n\t\t\t\t<div class=\"elementor-element elementor-element-a3cdebd elementor-widget elementor-widget-text-editor\" data-id=\"a3cdebd\" data-element_type=\"widget\" data-e-type=\"widget\" data-widget_type=\"text-editor.default\">\n\t\t\t\t<div class=\"elementor-widget-container\">\n\t\t\t\t\t\t\t\t\t<p>Manuel terapi, eklemler, kaslar, fasya ve ba\u011f dokusu gibi etkilenen yap\u0131lar\u0131n sadece manuel teknikler kullan\u0131larak hedefe y\u00f6nelik muayene ve tedavisini i\u00e7erir. Ama\u00e7, \u015fikayetlerin nedenlerini belirlemek, a\u011fr\u0131 kaynaklar\u0131n\u0131 (\u00f6rne\u011fin kas gerginli\u011fi veya eklem t\u0131kan\u0131kl\u0131klar\u0131) gidermek ve duru\u015f ve kas dengesini yeniden sa\u011flamakt\u0131r. Gelecekte olas\u0131 \u015fikayetleri \u00f6nlemek i\u00e7in kas-iskelet sisteminizi nas\u0131l g\u00fc\u00e7lendirebilece\u011finizi size \u00e7evrimi\u00e7i olarak g\u00f6stermekten mutluluk duyaca\u011f\u0131z.<\/p><p>Nazik tedavi y\u00f6ntemleri sayesinde manuel terapi her ya\u015fta kullan\u0131labilir ve genellikle a\u011fr\u0131 kesiciler, enjeksiyonlar ve ameliyata dayanan geleneksel ortopediye mant\u0131kl\u0131 bir alternatiftir.<\/p>\t\t\t\t\t\t\t\t<\/div>\n\t\t\t\t<\/div>\n\t\t\t\t<\/div>\n\t\t<div class=\"elementor-element elementor-element-6a23b0a e-con-full e-flex e-con e-child\" data-id=\"6a23b0a\" data-element_type=\"container\" data-e-type=\"container\">\n\t\t\t\t<div class=\"elementor-element elementor-element-42d3891 elementor-widget elementor-widget-image\" data-id=\"42d3891\" data-element_type=\"widget\" data-e-type=\"widget\" data-widget_type=\"image.default\">\n\t\t\t\t<div class=\"elementor-widget-container\">\n\t\t\t\t\t\t\t\t\t\t\t\t\t\t\t<img decoding=\"async\" width=\"1920\" height=\"1200\" src=\"https:\/\/doctorucarer.com\/wp-content\/uploads\/2024\/04\/Untitled-design-2024-04-04T155421.320.png\" class=\"attachment-full size-full wp-image-899\" alt=\"Gezielte Therapie f\u00fcr Ihre Bewegungsfreiheit\" srcset=\"https:\/\/doctorucarer.com\/wp-content\/uploads\/2024\/04\/Untitled-design-2024-04-04T155421.320.png 1920w, https:\/\/doctorucarer.com\/wp-content\/uploads\/2024\/04\/Untitled-design-2024-04-04T155421.320-300x188.png 300w, https:\/\/doctorucarer.com\/wp-content\/uploads\/2024\/04\/Untitled-design-2024-04-04T155421.320-1024x640.png 1024w, https:\/\/doctorucarer.com\/wp-content\/uploads\/2024\/04\/Untitled-design-2024-04-04T155421.320-768x480.png 768w, https:\/\/doctorucarer.com\/wp-content\/uploads\/2024\/04\/Untitled-design-2024-04-04T155421.320-1536x960.png 1536w, https:\/\/doctorucarer.com\/wp-content\/uploads\/2024\/04\/Untitled-design-2024-04-04T155421.320-18x12.png 18w\" sizes=\"(max-width: 1920px) 100vw, 1920px\" \/>\t\t\t\t\t\t\t\t\t\t\t\t\t\t\t<\/div>\n\t\t\t\t<\/div>\n\t\t\t\t<\/div>\n\t\t\t\t\t<\/div>\n\t\t\t\t<\/div>\n\t\t\t\t<\/div>","protected":false},"excerpt":{"rendered":"<p>Manuelle Therapie \u2013 Alternative zur Spritze in der Online-Behandlung Was bedeutet das f\u00fcr uns? Viele Menschen leiden unter Beschwerden des [&hellip;]<\/p>\n","protected":false},"author":1,"featured_media":0,"parent":0,"menu_order":0,"comment_status":"closed","ping_status":"closed","template":"elementor_header_footer","meta":{"om_disable_all_campaigns":false,"_uf_show_specific_survey":0,"_uf_disable_surveys":false,"site-sidebar-layout":"no-sidebar","site-content-layout":"","ast-site-content-layout":"full-width-container","site-content-style":"default","site-sidebar-style":"default","ast-global-header-display":"","ast-banner-title-visibility":"","ast-main-header-display":"","ast-hfb-above-header-display":"","ast-hfb-below-header-display":"","ast-hfb-mobile-header-display":"","site-post-title":"disabled","ast-breadcrumbs-content":"","ast-featured-img":"disabled","footer-sml-layout":"","theme-transparent-header-meta":"","adv-header-id-meta":"","stick-header-meta":"","header-above-stick-meta":"","header-main-stick-meta":"","header-below-stick-meta":"","astra-migrate-meta-layouts":"default","ast-page-background-enabled":"default","ast-page-background-meta":{"desktop":{"background-color":"var(--ast-global-color-4)","background-image":"","background-repeat":"repeat","background-position":"center center","background-size":"auto","background-attachment":"scroll","background-type":"","background-media":"","overlay-type":"","overlay-color":"","overlay-gradient":""},"tablet":{"background-color":"","background-image":"","background-repeat":"repeat","background-position":"center center","background-size":"auto","background-attachment":"scroll","background-type":"","background-media":"","overlay-type":"","overlay-color":"","overlay-gradient":""},"mobile":{"background-color":"","background-image":"","background-repeat":"repeat","background-position":"center center","background-size":"auto","background-attachment":"scroll","background-type":"","background-media":"","overlay-type":"","overlay-color":"","overlay-gradient":""}},"ast-content-background-meta":{"desktop":{"background-color":"var(--ast-global-color-5)","background-image":"","background-repeat":"repeat","background-position":"center center","background-size":"auto","background-attachment":"scroll","background-type":"","background-media":"","overlay-type":"","overlay-color":"","overlay-gradient":""},"tablet":{"background-color":"var(--ast-global-color-5)","background-image":"","background-repeat":"repeat","background-position":"center center","background-size":"auto","background-attachment":"scroll","background-type":"","background-media":"","overlay-type":"","overlay-color":"","overlay-gradient":""},"mobile":{"background-color":"var(--ast-global-color-5)","background-image":"","background-repeat":"repeat","background-position":"center center","background-size":"auto","background-attachment":"scroll","background-type":"","background-media":"","overlay-type":"","overlay-color":"","overlay-gradient":""}},"footnotes":""},"class_list":["post-23","page","type-page","status-publish","hentry"],"yoast_head":"<!-- This site is optimized with the Yoast SEO plugin v27.6 - https:\/\/yoast.com\/product\/yoast-seo-wordpress\/ -->\n<title>Manuelle Medizin - Dr. Serhat Ucarer<\/title>\n<meta name=\"robots\" content=\"index, follow, max-snippet:-1, max-image-preview:large, max-video-preview:-1\" \/>\n<link rel=\"canonical\" href=\"https:\/\/doctorucarer.com\/tr\/manuelle-medizin\/\" \/>\n<meta property=\"og:locale\" content=\"tr_TR\" \/>\n<meta property=\"og:type\" content=\"article\" \/>\n<meta property=\"og:title\" content=\"Manuelle Medizin - Dr. Serhat Ucarer\" \/>\n<meta property=\"og:description\" content=\"Manuelle Therapie \u2013 Alternative zur Spritze in der Online-Behandlung Was bedeutet das f\u00fcr uns? Viele Menschen leiden unter Beschwerden des [&hellip;]\" \/>\n<meta property=\"og:url\" content=\"https:\/\/doctorucarer.com\/tr\/manuelle-medizin\/\" \/>\n<meta property=\"og:site_name\" content=\"Dr. Serhat Ucarer\" \/>\n<meta property=\"article:publisher\" content=\"https:\/\/www.facebook.com\/people\/Serhat-Ucarer\/\" \/>\n<meta property=\"article:modified_time\" content=\"2024-04-29T14:38:28+00:00\" \/>\n<meta property=\"og:image\" content=\"https:\/\/doctorucarer.com\/wp-content\/uploads\/2024\/04\/Untitled-design-2024-04-04T155332.139.png\" \/>\n<meta name=\"twitter:card\" content=\"summary_large_image\" \/>\n<meta name=\"twitter:label1\" content=\"Tahmini okuma s\u00fcresi\" \/>\n\t<meta name=\"twitter:data1\" content=\"2 dakika\" \/>\n<script type=\"application\/ld+json\" class=\"yoast-schema-graph\">{\"@context\":\"https:\\\/\\\/schema.org\",\"@graph\":[{\"@type\":\"WebPage\",\"@id\":\"https:\\\/\\\/doctorucarer.com\\\/manuelle-medizin\\\/\",\"url\":\"https:\\\/\\\/doctorucarer.com\\\/manuelle-medizin\\\/\",\"name\":\"Manuelle Medizin - Dr. Serhat Ucarer\",\"isPartOf\":{\"@id\":\"https:\\\/\\\/doctorucarer.com\\\/#website\"},\"primaryImageOfPage\":{\"@id\":\"https:\\\/\\\/doctorucarer.com\\\/manuelle-medizin\\\/#primaryimage\"},\"image\":{\"@id\":\"https:\\\/\\\/doctorucarer.com\\\/manuelle-medizin\\\/#primaryimage\"},\"thumbnailUrl\":\"https:\\\/\\\/doctorucarer.com\\\/wp-content\\\/uploads\\\/2024\\\/04\\\/Untitled-design-2024-04-04T155332.139.png\",\"datePublished\":\"2024-03-27T12:46:33+00:00\",\"dateModified\":\"2024-04-29T14:38:28+00:00\",\"breadcrumb\":{\"@id\":\"https:\\\/\\\/doctorucarer.com\\\/manuelle-medizin\\\/#breadcrumb\"},\"inLanguage\":\"tr\",\"potentialAction\":[{\"@type\":\"ReadAction\",\"target\":[\"https:\\\/\\\/doctorucarer.com\\\/manuelle-medizin\\\/\"]}]},{\"@type\":\"ImageObject\",\"inLanguage\":\"tr\",\"@id\":\"https:\\\/\\\/doctorucarer.com\\\/manuelle-medizin\\\/#primaryimage\",\"url\":\"https:\\\/\\\/doctorucarer.com\\\/wp-content\\\/uploads\\\/2024\\\/04\\\/Untitled-design-2024-04-04T155332.139.png\",\"contentUrl\":\"https:\\\/\\\/doctorucarer.com\\\/wp-content\\\/uploads\\\/2024\\\/04\\\/Untitled-design-2024-04-04T155332.139.png\"},{\"@type\":\"BreadcrumbList\",\"@id\":\"https:\\\/\\\/doctorucarer.com\\\/manuelle-medizin\\\/#breadcrumb\",\"itemListElement\":[{\"@type\":\"ListItem\",\"position\":1,\"name\":\"Home\",\"item\":\"https:\\\/\\\/doctorucarer.com\\\/\"},{\"@type\":\"ListItem\",\"position\":2,\"name\":\"Manuelle Medizin\"}]},{\"@type\":\"WebSite\",\"@id\":\"https:\\\/\\\/doctorucarer.com\\\/#website\",\"url\":\"https:\\\/\\\/doctorucarer.com\\\/\",\"name\":\"DR.Serhat Ucarer\",\"description\":\"Online-\u00c4rzte mit Online-Videosprechstunde oder Telemedizin f\u00fcr alle\",\"publisher\":{\"@id\":\"https:\\\/\\\/doctorucarer.com\\\/#organization\"},\"potentialAction\":[{\"@type\":\"SearchAction\",\"target\":{\"@type\":\"EntryPoint\",\"urlTemplate\":\"https:\\\/\\\/doctorucarer.com\\\/?s={search_term_string}\"},\"query-input\":{\"@type\":\"PropertyValueSpecification\",\"valueRequired\":true,\"valueName\":\"search_term_string\"}}],\"inLanguage\":\"tr\"},{\"@type\":\"Organization\",\"@id\":\"https:\\\/\\\/doctorucarer.com\\\/#organization\",\"name\":\"DR.Serhat Ucarer\",\"url\":\"https:\\\/\\\/doctorucarer.com\\\/\",\"logo\":{\"@type\":\"ImageObject\",\"inLanguage\":\"tr\",\"@id\":\"https:\\\/\\\/doctorucarer.com\\\/#\\\/schema\\\/logo\\\/image\\\/\",\"url\":\"https:\\\/\\\/doctorucarer.com\\\/wp-content\\\/uploads\\\/2024\\\/03\\\/Medical-Cross-Doctor-Logo-Template-1-e1711550658599.png\",\"contentUrl\":\"https:\\\/\\\/doctorucarer.com\\\/wp-content\\\/uploads\\\/2024\\\/03\\\/Medical-Cross-Doctor-Logo-Template-1-e1711550658599.png\",\"width\":468,\"height\":146,\"caption\":\"DR.Serhat Ucarer\"},\"image\":{\"@id\":\"https:\\\/\\\/doctorucarer.com\\\/#\\\/schema\\\/logo\\\/image\\\/\"},\"sameAs\":[\"https:\\\/\\\/www.facebook.com\\\/people\\\/Serhat-Ucarer\\\/\"]}]}<\/script>\n<!-- \/ Yoast SEO plugin. -->","yoast_head_json":{"title":"Manuelle Medizin - Dr. Serhat Ucarer","robots":{"index":"index","follow":"follow","max-snippet":"max-snippet:-1","max-image-preview":"max-image-preview:large","max-video-preview":"max-video-preview:-1"},"canonical":"https:\/\/doctorucarer.com\/tr\/manuelle-medizin\/","og_locale":"tr_TR","og_type":"article","og_title":"Manuelle Medizin - Dr. Serhat Ucarer","og_description":"Manuelle Therapie \u2013 Alternative zur Spritze in der Online-Behandlung Was bedeutet das f\u00fcr uns? Viele Menschen leiden unter Beschwerden des [&hellip;]","og_url":"https:\/\/doctorucarer.com\/tr\/manuelle-medizin\/","og_site_name":"Dr. Serhat Ucarer","article_publisher":"https:\/\/www.facebook.com\/people\/Serhat-Ucarer\/","article_modified_time":"2024-04-29T14:38:28+00:00","og_image":[{"url":"https:\/\/doctorucarer.com\/wp-content\/uploads\/2024\/04\/Untitled-design-2024-04-04T155332.139.png","type":"","width":"","height":""}],"twitter_card":"summary_large_image","twitter_misc":{"Tahmini okuma s\u00fcresi":"2 dakika"},"schema":{"@context":"https:\/\/schema.org","@graph":[{"@type":"WebPage","@id":"https:\/\/doctorucarer.com\/manuelle-medizin\/","url":"https:\/\/doctorucarer.com\/manuelle-medizin\/","name":"Manuelle Medizin - Dr. Serhat Ucarer","isPartOf":{"@id":"https:\/\/doctorucarer.com\/#website"},"primaryImageOfPage":{"@id":"https:\/\/doctorucarer.com\/manuelle-medizin\/#primaryimage"},"image":{"@id":"https:\/\/doctorucarer.com\/manuelle-medizin\/#primaryimage"},"thumbnailUrl":"https:\/\/doctorucarer.com\/wp-content\/uploads\/2024\/04\/Untitled-design-2024-04-04T155332.139.png","datePublished":"2024-03-27T12:46:33+00:00","dateModified":"2024-04-29T14:38:28+00:00","breadcrumb":{"@id":"https:\/\/doctorucarer.com\/manuelle-medizin\/#breadcrumb"},"inLanguage":"tr","potentialAction":[{"@type":"ReadAction","target":["https:\/\/doctorucarer.com\/manuelle-medizin\/"]}]},{"@type":"ImageObject","inLanguage":"tr","@id":"https:\/\/doctorucarer.com\/manuelle-medizin\/#primaryimage","url":"https:\/\/doctorucarer.com\/wp-content\/uploads\/2024\/04\/Untitled-design-2024-04-04T155332.139.png","contentUrl":"https:\/\/doctorucarer.com\/wp-content\/uploads\/2024\/04\/Untitled-design-2024-04-04T155332.139.png"},{"@type":"BreadcrumbList","@id":"https:\/\/doctorucarer.com\/manuelle-medizin\/#breadcrumb","itemListElement":[{"@type":"ListItem","position":1,"name":"Home","item":"https:\/\/doctorucarer.com\/"},{"@type":"ListItem","position":2,"name":"Manuelle Medizin"}]},{"@type":"WebSite","@id":"https:\/\/doctorucarer.com\/#website","url":"https:\/\/doctorucarer.com\/","name":"DR.Serhat Ucarer","description":"Online-\u00c4rzte mit Online-Videosprechstunde oder Telemedizin f\u00fcr alle","publisher":{"@id":"https:\/\/doctorucarer.com\/#organization"},"potentialAction":[{"@type":"SearchAction","target":{"@type":"EntryPoint","urlTemplate":"https:\/\/doctorucarer.com\/?s={search_term_string}"},"query-input":{"@type":"PropertyValueSpecification","valueRequired":true,"valueName":"search_term_string"}}],"inLanguage":"tr"},{"@type":"Organization","@id":"https:\/\/doctorucarer.com\/#organization","name":"DR.Serhat Ucarer","url":"https:\/\/doctorucarer.com\/","logo":{"@type":"ImageObject","inLanguage":"tr","@id":"https:\/\/doctorucarer.com\/#\/schema\/logo\/image\/","url":"https:\/\/doctorucarer.com\/wp-content\/uploads\/2024\/03\/Medical-Cross-Doctor-Logo-Template-1-e1711550658599.png","contentUrl":"https:\/\/doctorucarer.com\/wp-content\/uploads\/2024\/03\/Medical-Cross-Doctor-Logo-Template-1-e1711550658599.png","width":468,"height":146,"caption":"DR.Serhat Ucarer"},"image":{"@id":"https:\/\/doctorucarer.com\/#\/schema\/logo\/image\/"},"sameAs":["https:\/\/www.facebook.com\/people\/Serhat-Ucarer\/"]}]}},"_links":{"self":[{"href":"https:\/\/doctorucarer.com\/tr\/wp-json\/wp\/v2\/pages\/23","targetHints":{"allow":["GET"]}}],"collection":[{"href":"https:\/\/doctorucarer.com\/tr\/wp-json\/wp\/v2\/pages"}],"about":[{"href":"https:\/\/doctorucarer.com\/tr\/wp-json\/wp\/v2\/types\/page"}],"author":[{"embeddable":true,"href":"https:\/\/doctorucarer.com\/tr\/wp-json\/wp\/v2\/users\/1"}],"replies":[{"embeddable":true,"href":"https:\/\/doctorucarer.com\/tr\/wp-json\/wp\/v2\/comments?post=23"}],"version-history":[{"count":10,"href":"https:\/\/doctorucarer.com\/tr\/wp-json\/wp\/v2\/pages\/23\/revisions"}],"predecessor-version":[{"id":1221,"href":"https:\/\/doctorucarer.com\/tr\/wp-json\/wp\/v2\/pages\/23\/revisions\/1221"}],"wp:attachment":[{"href":"https:\/\/doctorucarer.com\/tr\/wp-json\/wp\/v2\/media?parent=23"}],"curies":[{"name":"wp","href":"https:\/\/api.w.org\/{rel}","templated":true}]}}