{"id":27,"date":"2024-03-27T12:47:05","date_gmt":"2024-03-27T12:47:05","guid":{"rendered":"https:\/\/doctorucarer.com\/?page_id=27"},"modified":"2024-04-29T14:42:15","modified_gmt":"2024-04-29T14:42:15","slug":"psychosomatische-grundversorgung","status":"publish","type":"page","link":"https:\/\/doctorucarer.com\/tr\/psychosomatische-grundversorgung\/","title":{"rendered":"Temel psikosomatik bak\u0131m"},"content":{"rendered":"<div data-elementor-type=\"wp-page\" data-elementor-id=\"27\" class=\"elementor elementor-27\" data-elementor-post-type=\"page\">\n\t\t\t\t<div class=\"elementor-element elementor-element-71c1eea e-flex e-con-boxed e-con e-parent\" data-id=\"71c1eea\" data-element_type=\"container\" data-e-type=\"container\" data-settings=\"{&quot;background_background&quot;:&quot;classic&quot;}\">\n\t\t\t\t\t<div class=\"e-con-inner\">\n\t\t<div class=\"elementor-element elementor-element-c605bd0 e-con-full e-flex e-con e-child\" data-id=\"c605bd0\" data-element_type=\"container\" data-e-type=\"container\">\n\t\t\t\t<div class=\"elementor-element elementor-element-7e69a59 elementor-widget elementor-widget-heading\" data-id=\"7e69a59\" data-element_type=\"widget\" data-e-type=\"widget\" data-widget_type=\"heading.default\">\n\t\t\t\t<div class=\"elementor-widget-container\">\n\t\t\t\t\t<h2 class=\"elementor-heading-title elementor-size-default\">Ruh ac\u0131 \u00e7ekti\u011finde, beden de onunla birlikte ac\u0131 \u00e7eker.\n\n<\/h2>\t\t\t\t<\/div>\n\t\t\t\t<\/div>\n\t\t\t\t<div class=\"elementor-element elementor-element-dc22671 elementor-widget elementor-widget-text-editor\" data-id=\"dc22671\" data-element_type=\"widget\" data-e-type=\"widget\" data-widget_type=\"text-editor.default\">\n\t\t\t\t<div class=\"elementor-widget-container\">\n\t\t\t\t\t\t\t\t\t<p>Ne yaz\u0131k ki \"somatizasyon\", yani psikolojik veya duygusal stres, a\u015f\u0131r\u0131 y\u00fcklenme veya \u00e7at\u0131\u015fmaya tepki olarak fiziksel semptomlar\u0131n geli\u015fmesi, hala bir\u00e7ok insan taraf\u0131ndan tabu olarak kabul edilmektedir. Bu genellikle bu t\u00fcr insanlar\u0131n kafalar\u0131nda bir sorun oldu\u011fu inanc\u0131na dayanmaktad\u0131r.<\/p><p>Ancak bunun tam tersi de s\u00f6z konusudur. T\u0131pk\u0131 insanlar\u0131n enfeksiyon kapt\u0131klar\u0131nda ate\u015flenebilmeleri gibi, zihinsel \u00e7at\u0131\u015fmalar da fiziksel semptomlar\u0131n ortaya \u00e7\u0131kmas\u0131na veya k\u00f6t\u00fcle\u015fmesine neden olabilir. Etkilenen ki\u015fi bu \u00e7at\u0131\u015fmalar\u0131n fark\u0131nda olabilir, ancak bunlar genellikle bilin\u00e7siz s\u00fcre\u00e7lerdir.<\/p>\t\t\t\t\t\t\t\t<\/div>\n\t\t\t\t<\/div>\n\t\t\t\t<div class=\"elementor-element elementor-element-e58a2a2 elementor-widget elementor-widget-button\" data-id=\"e58a2a2\" data-element_type=\"widget\" data-e-type=\"widget\" data-widget_type=\"button.default\">\n\t\t\t\t<div class=\"elementor-widget-container\">\n\t\t\t\t\t\t\t\t\t<div class=\"elementor-button-wrapper\">\n\t\t\t\t\t<a class=\"elementor-button elementor-button-link elementor-size-sm\" href=\"https:\/\/doctorucarer.com\/index.php\/buchen-sie-einen-termin\/\">\n\t\t\t\t\t\t<span class=\"elementor-button-content-wrapper\">\n\t\t\t\t\t\t\t\t\t<span class=\"elementor-button-text\">Randevu al\u0131n<\/span>\n\t\t\t\t\t<\/span>\n\t\t\t\t\t<\/a>\n\t\t\t\t<\/div>\n\t\t\t\t\t\t\t\t<\/div>\n\t\t\t\t<\/div>\n\t\t\t\t<\/div>\n\t\t<div class=\"elementor-element elementor-element-722ffc9 e-con-full e-flex e-con e-child\" data-id=\"722ffc9\" data-element_type=\"container\" data-e-type=\"container\">\n\t\t\t\t<div class=\"elementor-element elementor-element-1edb511 elementor-widget elementor-widget-image\" data-id=\"1edb511\" data-element_type=\"widget\" data-e-type=\"widget\" data-widget_type=\"image.default\">\n\t\t\t\t<div class=\"elementor-widget-container\">\n\t\t\t\t\t\t\t\t\t\t\t\t\t\t\t<img fetchpriority=\"high\" decoding=\"async\" width=\"1920\" height=\"1200\" src=\"https:\/\/doctorucarer.com\/wp-content\/uploads\/2024\/04\/Untitled-design-2024-04-04T164345.727.png\" class=\"attachment-full size-full wp-image-913\" alt=\"Psychosomatische Grundversorgung\" srcset=\"https:\/\/doctorucarer.com\/wp-content\/uploads\/2024\/04\/Untitled-design-2024-04-04T164345.727.png 1920w, https:\/\/doctorucarer.com\/wp-content\/uploads\/2024\/04\/Untitled-design-2024-04-04T164345.727-300x188.png 300w, https:\/\/doctorucarer.com\/wp-content\/uploads\/2024\/04\/Untitled-design-2024-04-04T164345.727-1024x640.png 1024w, https:\/\/doctorucarer.com\/wp-content\/uploads\/2024\/04\/Untitled-design-2024-04-04T164345.727-768x480.png 768w, https:\/\/doctorucarer.com\/wp-content\/uploads\/2024\/04\/Untitled-design-2024-04-04T164345.727-1536x960.png 1536w, https:\/\/doctorucarer.com\/wp-content\/uploads\/2024\/04\/Untitled-design-2024-04-04T164345.727-18x12.png 18w\" sizes=\"(max-width: 1920px) 100vw, 1920px\" \/>\t\t\t\t\t\t\t\t\t\t\t\t\t\t\t<\/div>\n\t\t\t\t<\/div>\n\t\t\t\t<\/div>\n\t\t\t\t\t<\/div>\n\t\t\t\t<\/div>\n\t\t<div class=\"elementor-element elementor-element-fc1c83e e-flex e-con-boxed e-con e-parent\" data-id=\"fc1c83e\" data-element_type=\"container\" data-e-type=\"container\" data-settings=\"{&quot;background_background&quot;:&quot;classic&quot;}\">\n\t\t\t\t\t<div class=\"e-con-inner\">\n\t\t<div class=\"elementor-element elementor-element-723f213 e-con-full e-flex e-con e-child\" data-id=\"723f213\" data-element_type=\"container\" data-e-type=\"container\">\n\t\t\t\t<div class=\"elementor-element elementor-element-595535a elementor-widget elementor-widget-text-editor\" data-id=\"595535a\" data-element_type=\"widget\" data-e-type=\"widget\" data-widget_type=\"text-editor.default\">\n\t\t\t\t<div class=\"elementor-widget-container\">\n\t\t\t\t\t\t\t\t\t<p>Psikosomatik bir hastal\u0131\u011f\u0131n belirtileri \u00e7ok \u00e7e\u015fitli olabilir: \u00f6rne\u011fin cilt sorunlar\u0131, ba\u015f ve mide a\u011fr\u0131lar\u0131, kalp ve s\u0131rt a\u011fr\u0131lar\u0131, haz\u0131ms\u0131zl\u0131k, mide yanmas\u0131 ve hatta rahats\u0131z edici kulak \u00e7\u0131nlamas\u0131. Hatta dilimizde bile ipu\u00e7lar\u0131 vard\u0131r. \u015eu gibi ifadelere mutlaka a\u015finas\u0131n\u0131zd\u0131r:<\/p><p>\"Beni rahats\u0131z eden bir \u015fey var.\"<br \/>\"Bir sorun ba\u015f\u0131m\u0131 a\u011fr\u0131t\u0131yor.\"<br \/>\"Bu beni ger\u00e7ekten etkiliyor.\"<br \/>\"Bunu dikkate alaca\u011f\u0131m.\"<br \/>\"Bu midemi buland\u0131r\u0131yor.\"<br \/>\"\u00d6nce bunu sindirmem gerekiyor.\"<br \/>\"Bo\u011faz\u0131mda bir yumru var.\"<\/p><p>Giderek karma\u015f\u0131kla\u015fan d\u00fcnyam\u0131zda, insanlar hem ili\u015fkilerinde hem de g\u00fcnl\u00fck ya\u015famlar\u0131nda s\u00fcrekli artan mesleki ve ki\u015fisel taleplerle kar\u015f\u0131 kar\u015f\u0131ya kalmaktad\u0131r. Bu nedenle psikosomatik hastal\u0131klardan muzdarip hastalar\u0131n say\u0131s\u0131n\u0131n giderek artmas\u0131 \u015fa\u015f\u0131rt\u0131c\u0131 de\u011fildir.<\/p>\t\t\t\t\t\t\t\t<\/div>\n\t\t\t\t<\/div>\n\t\t\t\t<\/div>\n\t\t<div class=\"elementor-element elementor-element-e302c19 e-con-full e-flex e-con e-child\" data-id=\"e302c19\" data-element_type=\"container\" data-e-type=\"container\">\n\t\t\t\t<div class=\"elementor-element elementor-element-fe0f6a8 elementor-widget elementor-widget-image\" data-id=\"fe0f6a8\" data-element_type=\"widget\" data-e-type=\"widget\" data-widget_type=\"image.default\">\n\t\t\t\t<div class=\"elementor-widget-container\">\n\t\t\t\t\t\t\t\t\t\t\t\t\t\t\t<img decoding=\"async\" width=\"1920\" height=\"1200\" src=\"https:\/\/doctorucarer.com\/wp-content\/uploads\/2024\/04\/Untitled-design-2024-04-04T164450.814.png\" class=\"attachment-full size-full wp-image-918\" alt=\"Psychosomatische Grundversorgung: Harmonie f\u00fcr K\u00f6rper und Seele\" srcset=\"https:\/\/doctorucarer.com\/wp-content\/uploads\/2024\/04\/Untitled-design-2024-04-04T164450.814.png 1920w, https:\/\/doctorucarer.com\/wp-content\/uploads\/2024\/04\/Untitled-design-2024-04-04T164450.814-300x188.png 300w, https:\/\/doctorucarer.com\/wp-content\/uploads\/2024\/04\/Untitled-design-2024-04-04T164450.814-1024x640.png 1024w, https:\/\/doctorucarer.com\/wp-content\/uploads\/2024\/04\/Untitled-design-2024-04-04T164450.814-768x480.png 768w, https:\/\/doctorucarer.com\/wp-content\/uploads\/2024\/04\/Untitled-design-2024-04-04T164450.814-1536x960.png 1536w, https:\/\/doctorucarer.com\/wp-content\/uploads\/2024\/04\/Untitled-design-2024-04-04T164450.814-18x12.png 18w\" sizes=\"(max-width: 1920px) 100vw, 1920px\" \/>\t\t\t\t\t\t\t\t\t\t\t\t\t\t\t<\/div>\n\t\t\t\t<\/div>\n\t\t\t\t<\/div>\n\t\t\t\t\t<\/div>\n\t\t\t\t<\/div>\n\t\t\t\t<\/div>","protected":false},"excerpt":{"rendered":"<p>Wenn die Seele leidet, leidet der K\u00f6rper mit. Leider wird\u00a0 &#8222;Somatisierung&#8220;, also die Entwicklung von k\u00f6rperlichen Symptomen als Reaktion auf [&hellip;]<\/p>\n","protected":false},"author":1,"featured_media":0,"parent":0,"menu_order":0,"comment_status":"closed","ping_status":"closed","template":"elementor_header_footer","meta":{"om_disable_all_campaigns":false,"_uf_show_specific_survey":0,"_uf_disable_surveys":false,"site-sidebar-layout":"no-sidebar","site-content-layout":"","ast-site-content-layout":"full-width-container","site-content-style":"default","site-sidebar-style":"default","ast-global-header-display":"","ast-banner-title-visibility":"","ast-main-header-display":"","ast-hfb-above-header-display":"","ast-hfb-below-header-display":"","ast-hfb-mobile-header-display":"","site-post-title":"disabled","ast-breadcrumbs-content":"","ast-featured-img":"disabled","footer-sml-layout":"","theme-transparent-header-meta":"","adv-header-id-meta":"","stick-header-meta":"","header-above-stick-meta":"","header-main-stick-meta":"","header-below-stick-meta":"","astra-migrate-meta-layouts":"default","ast-page-background-enabled":"default","ast-page-background-meta":{"desktop":{"background-color":"var(--ast-global-color-4)","background-image":"","background-repeat":"repeat","background-position":"center center","background-size":"auto","background-attachment":"scroll","background-type":"","background-media":"","overlay-type":"","overlay-color":"","overlay-gradient":""},"tablet":{"background-color":"","background-image":"","background-repeat":"repeat","background-position":"center center","background-size":"auto","background-attachment":"scroll","background-type":"","background-media":"","overlay-type":"","overlay-color":"","overlay-gradient":""},"mobile":{"background-color":"","background-image":"","background-repeat":"repeat","background-position":"center center","background-size":"auto","background-attachment":"scroll","background-type":"","background-media":"","overlay-type":"","overlay-color":"","overlay-gradient":""}},"ast-content-background-meta":{"desktop":{"background-color":"var(--ast-global-color-5)","background-image":"","background-repeat":"repeat","background-position":"center center","background-size":"auto","background-attachment":"scroll","background-type":"","background-media":"","overlay-type":"","overlay-color":"","overlay-gradient":""},"tablet":{"background-color":"var(--ast-global-color-5)","background-image":"","background-repeat":"repeat","background-position":"center center","background-size":"auto","background-attachment":"scroll","background-type":"","background-media":"","overlay-type":"","overlay-color":"","overlay-gradient":""},"mobile":{"background-color":"var(--ast-global-color-5)","background-image":"","background-repeat":"repeat","background-position":"center center","background-size":"auto","background-attachment":"scroll","background-type":"","background-media":"","overlay-type":"","overlay-color":"","overlay-gradient":""}},"footnotes":""},"class_list":["post-27","page","type-page","status-publish","hentry"],"yoast_head":"<!-- This site is optimized with the Yoast SEO plugin v27.6 - https:\/\/yoast.com\/product\/yoast-seo-wordpress\/ -->\n<title>Psychosomatische Grundversorgung - Dr. Serhat Ucarer<\/title>\n<meta name=\"robots\" content=\"index, follow, max-snippet:-1, max-image-preview:large, max-video-preview:-1\" \/>\n<link rel=\"canonical\" href=\"https:\/\/doctorucarer.com\/tr\/psychosomatische-grundversorgung\/\" \/>\n<meta property=\"og:locale\" content=\"tr_TR\" \/>\n<meta property=\"og:type\" content=\"article\" \/>\n<meta property=\"og:title\" content=\"Psychosomatische Grundversorgung - Dr. Serhat Ucarer\" \/>\n<meta property=\"og:description\" content=\"Wenn die Seele leidet, leidet der K\u00f6rper mit. Leider wird\u00a0 &#8222;Somatisierung&#8220;, also die Entwicklung von k\u00f6rperlichen Symptomen als Reaktion auf [&hellip;]\" \/>\n<meta property=\"og:url\" content=\"https:\/\/doctorucarer.com\/tr\/psychosomatische-grundversorgung\/\" \/>\n<meta property=\"og:site_name\" content=\"Dr. Serhat Ucarer\" \/>\n<meta property=\"article:publisher\" content=\"https:\/\/www.facebook.com\/people\/Serhat-Ucarer\/\" \/>\n<meta property=\"article:modified_time\" content=\"2024-04-29T14:42:15+00:00\" \/>\n<meta property=\"og:image\" content=\"https:\/\/doctorucarer.com\/wp-content\/uploads\/2024\/04\/Untitled-design-2024-04-04T164345.727.png\" \/>\n<meta name=\"twitter:card\" content=\"summary_large_image\" \/>\n<meta name=\"twitter:label1\" content=\"Tahmini okuma s\u00fcresi\" \/>\n\t<meta name=\"twitter:data1\" content=\"2 dakika\" \/>\n<script type=\"application\/ld+json\" class=\"yoast-schema-graph\">{\"@context\":\"https:\\\/\\\/schema.org\",\"@graph\":[{\"@type\":\"WebPage\",\"@id\":\"https:\\\/\\\/doctorucarer.com\\\/psychosomatische-grundversorgung\\\/\",\"url\":\"https:\\\/\\\/doctorucarer.com\\\/psychosomatische-grundversorgung\\\/\",\"name\":\"Psychosomatische Grundversorgung - Dr. Serhat Ucarer\",\"isPartOf\":{\"@id\":\"https:\\\/\\\/doctorucarer.com\\\/#website\"},\"primaryImageOfPage\":{\"@id\":\"https:\\\/\\\/doctorucarer.com\\\/psychosomatische-grundversorgung\\\/#primaryimage\"},\"image\":{\"@id\":\"https:\\\/\\\/doctorucarer.com\\\/psychosomatische-grundversorgung\\\/#primaryimage\"},\"thumbnailUrl\":\"https:\\\/\\\/doctorucarer.com\\\/wp-content\\\/uploads\\\/2024\\\/04\\\/Untitled-design-2024-04-04T164345.727.png\",\"datePublished\":\"2024-03-27T12:47:05+00:00\",\"dateModified\":\"2024-04-29T14:42:15+00:00\",\"breadcrumb\":{\"@id\":\"https:\\\/\\\/doctorucarer.com\\\/psychosomatische-grundversorgung\\\/#breadcrumb\"},\"inLanguage\":\"tr\",\"potentialAction\":[{\"@type\":\"ReadAction\",\"target\":[\"https:\\\/\\\/doctorucarer.com\\\/psychosomatische-grundversorgung\\\/\"]}]},{\"@type\":\"ImageObject\",\"inLanguage\":\"tr\",\"@id\":\"https:\\\/\\\/doctorucarer.com\\\/psychosomatische-grundversorgung\\\/#primaryimage\",\"url\":\"https:\\\/\\\/doctorucarer.com\\\/wp-content\\\/uploads\\\/2024\\\/04\\\/Untitled-design-2024-04-04T164345.727.png\",\"contentUrl\":\"https:\\\/\\\/doctorucarer.com\\\/wp-content\\\/uploads\\\/2024\\\/04\\\/Untitled-design-2024-04-04T164345.727.png\"},{\"@type\":\"BreadcrumbList\",\"@id\":\"https:\\\/\\\/doctorucarer.com\\\/psychosomatische-grundversorgung\\\/#breadcrumb\",\"itemListElement\":[{\"@type\":\"ListItem\",\"position\":1,\"name\":\"Home\",\"item\":\"https:\\\/\\\/doctorucarer.com\\\/\"},{\"@type\":\"ListItem\",\"position\":2,\"name\":\"Psychosomatische Grundversorgung\"}]},{\"@type\":\"WebSite\",\"@id\":\"https:\\\/\\\/doctorucarer.com\\\/#website\",\"url\":\"https:\\\/\\\/doctorucarer.com\\\/\",\"name\":\"DR.Serhat Ucarer\",\"description\":\"Online-\u00c4rzte mit Online-Videosprechstunde oder Telemedizin f\u00fcr alle\",\"publisher\":{\"@id\":\"https:\\\/\\\/doctorucarer.com\\\/#organization\"},\"potentialAction\":[{\"@type\":\"SearchAction\",\"target\":{\"@type\":\"EntryPoint\",\"urlTemplate\":\"https:\\\/\\\/doctorucarer.com\\\/?s={search_term_string}\"},\"query-input\":{\"@type\":\"PropertyValueSpecification\",\"valueRequired\":true,\"valueName\":\"search_term_string\"}}],\"inLanguage\":\"tr\"},{\"@type\":\"Organization\",\"@id\":\"https:\\\/\\\/doctorucarer.com\\\/#organization\",\"name\":\"DR.Serhat Ucarer\",\"url\":\"https:\\\/\\\/doctorucarer.com\\\/\",\"logo\":{\"@type\":\"ImageObject\",\"inLanguage\":\"tr\",\"@id\":\"https:\\\/\\\/doctorucarer.com\\\/#\\\/schema\\\/logo\\\/image\\\/\",\"url\":\"https:\\\/\\\/doctorucarer.com\\\/wp-content\\\/uploads\\\/2024\\\/03\\\/Medical-Cross-Doctor-Logo-Template-1-e1711550658599.png\",\"contentUrl\":\"https:\\\/\\\/doctorucarer.com\\\/wp-content\\\/uploads\\\/2024\\\/03\\\/Medical-Cross-Doctor-Logo-Template-1-e1711550658599.png\",\"width\":468,\"height\":146,\"caption\":\"DR.Serhat Ucarer\"},\"image\":{\"@id\":\"https:\\\/\\\/doctorucarer.com\\\/#\\\/schema\\\/logo\\\/image\\\/\"},\"sameAs\":[\"https:\\\/\\\/www.facebook.com\\\/people\\\/Serhat-Ucarer\\\/\"]}]}<\/script>\n<!-- \/ Yoast SEO plugin. -->","yoast_head_json":{"title":"Psychosomatische Grundversorgung - Dr. Serhat Ucarer","robots":{"index":"index","follow":"follow","max-snippet":"max-snippet:-1","max-image-preview":"max-image-preview:large","max-video-preview":"max-video-preview:-1"},"canonical":"https:\/\/doctorucarer.com\/tr\/psychosomatische-grundversorgung\/","og_locale":"tr_TR","og_type":"article","og_title":"Psychosomatische Grundversorgung - Dr. Serhat Ucarer","og_description":"Wenn die Seele leidet, leidet der K\u00f6rper mit. Leider wird\u00a0 &#8222;Somatisierung&#8220;, also die Entwicklung von k\u00f6rperlichen Symptomen als Reaktion auf [&hellip;]","og_url":"https:\/\/doctorucarer.com\/tr\/psychosomatische-grundversorgung\/","og_site_name":"Dr. Serhat Ucarer","article_publisher":"https:\/\/www.facebook.com\/people\/Serhat-Ucarer\/","article_modified_time":"2024-04-29T14:42:15+00:00","og_image":[{"url":"https:\/\/doctorucarer.com\/wp-content\/uploads\/2024\/04\/Untitled-design-2024-04-04T164345.727.png","type":"","width":"","height":""}],"twitter_card":"summary_large_image","twitter_misc":{"Tahmini okuma s\u00fcresi":"2 dakika"},"schema":{"@context":"https:\/\/schema.org","@graph":[{"@type":"WebPage","@id":"https:\/\/doctorucarer.com\/psychosomatische-grundversorgung\/","url":"https:\/\/doctorucarer.com\/psychosomatische-grundversorgung\/","name":"Psychosomatische Grundversorgung - Dr. Serhat Ucarer","isPartOf":{"@id":"https:\/\/doctorucarer.com\/#website"},"primaryImageOfPage":{"@id":"https:\/\/doctorucarer.com\/psychosomatische-grundversorgung\/#primaryimage"},"image":{"@id":"https:\/\/doctorucarer.com\/psychosomatische-grundversorgung\/#primaryimage"},"thumbnailUrl":"https:\/\/doctorucarer.com\/wp-content\/uploads\/2024\/04\/Untitled-design-2024-04-04T164345.727.png","datePublished":"2024-03-27T12:47:05+00:00","dateModified":"2024-04-29T14:42:15+00:00","breadcrumb":{"@id":"https:\/\/doctorucarer.com\/psychosomatische-grundversorgung\/#breadcrumb"},"inLanguage":"tr","potentialAction":[{"@type":"ReadAction","target":["https:\/\/doctorucarer.com\/psychosomatische-grundversorgung\/"]}]},{"@type":"ImageObject","inLanguage":"tr","@id":"https:\/\/doctorucarer.com\/psychosomatische-grundversorgung\/#primaryimage","url":"https:\/\/doctorucarer.com\/wp-content\/uploads\/2024\/04\/Untitled-design-2024-04-04T164345.727.png","contentUrl":"https:\/\/doctorucarer.com\/wp-content\/uploads\/2024\/04\/Untitled-design-2024-04-04T164345.727.png"},{"@type":"BreadcrumbList","@id":"https:\/\/doctorucarer.com\/psychosomatische-grundversorgung\/#breadcrumb","itemListElement":[{"@type":"ListItem","position":1,"name":"Home","item":"https:\/\/doctorucarer.com\/"},{"@type":"ListItem","position":2,"name":"Psychosomatische Grundversorgung"}]},{"@type":"WebSite","@id":"https:\/\/doctorucarer.com\/#website","url":"https:\/\/doctorucarer.com\/","name":"DR.Serhat Ucarer","description":"Online-\u00c4rzte mit Online-Videosprechstunde oder Telemedizin f\u00fcr alle","publisher":{"@id":"https:\/\/doctorucarer.com\/#organization"},"potentialAction":[{"@type":"SearchAction","target":{"@type":"EntryPoint","urlTemplate":"https:\/\/doctorucarer.com\/?s={search_term_string}"},"query-input":{"@type":"PropertyValueSpecification","valueRequired":true,"valueName":"search_term_string"}}],"inLanguage":"tr"},{"@type":"Organization","@id":"https:\/\/doctorucarer.com\/#organization","name":"DR.Serhat Ucarer","url":"https:\/\/doctorucarer.com\/","logo":{"@type":"ImageObject","inLanguage":"tr","@id":"https:\/\/doctorucarer.com\/#\/schema\/logo\/image\/","url":"https:\/\/doctorucarer.com\/wp-content\/uploads\/2024\/03\/Medical-Cross-Doctor-Logo-Template-1-e1711550658599.png","contentUrl":"https:\/\/doctorucarer.com\/wp-content\/uploads\/2024\/03\/Medical-Cross-Doctor-Logo-Template-1-e1711550658599.png","width":468,"height":146,"caption":"DR.Serhat Ucarer"},"image":{"@id":"https:\/\/doctorucarer.com\/#\/schema\/logo\/image\/"},"sameAs":["https:\/\/www.facebook.com\/people\/Serhat-Ucarer\/"]}]}},"_links":{"self":[{"href":"https:\/\/doctorucarer.com\/tr\/wp-json\/wp\/v2\/pages\/27","targetHints":{"allow":["GET"]}}],"collection":[{"href":"https:\/\/doctorucarer.com\/tr\/wp-json\/wp\/v2\/pages"}],"about":[{"href":"https:\/\/doctorucarer.com\/tr\/wp-json\/wp\/v2\/types\/page"}],"author":[{"embeddable":true,"href":"https:\/\/doctorucarer.com\/tr\/wp-json\/wp\/v2\/users\/1"}],"replies":[{"embeddable":true,"href":"https:\/\/doctorucarer.com\/tr\/wp-json\/wp\/v2\/comments?post=27"}],"version-history":[{"count":13,"href":"https:\/\/doctorucarer.com\/tr\/wp-json\/wp\/v2\/pages\/27\/revisions"}],"predecessor-version":[{"id":1227,"href":"https:\/\/doctorucarer.com\/tr\/wp-json\/wp\/v2\/pages\/27\/revisions\/1227"}],"wp:attachment":[{"href":"https:\/\/doctorucarer.com\/tr\/wp-json\/wp\/v2\/media?parent=27"}],"curies":[{"name":"wp","href":"https:\/\/api.w.org\/{rel}","templated":true}]}}