{"id":35,"date":"2024-03-27T12:48:10","date_gmt":"2024-03-27T12:48:10","guid":{"rendered":"https:\/\/doctorucarer.com\/?page_id=35"},"modified":"2024-04-29T14:52:44","modified_gmt":"2024-04-29T14:52:44","slug":"untersuchungen-nach-der-fahrerlaubnisverordnung","status":"publish","type":"page","link":"https:\/\/doctorucarer.com\/tr\/untersuchungen-nach-der-fahrerlaubnisverordnung\/","title":{"rendered":"Seyahat t\u0131bbi tavsiyesi"},"content":{"rendered":"<div data-elementor-type=\"wp-page\" data-elementor-id=\"35\" class=\"elementor elementor-35\" data-elementor-post-type=\"page\">\n\t\t\t\t<div class=\"elementor-element elementor-element-7892cd6 e-flex e-con-boxed e-con e-parent\" data-id=\"7892cd6\" data-element_type=\"container\" data-e-type=\"container\" data-settings=\"{&quot;background_background&quot;:&quot;classic&quot;}\">\n\t\t\t\t\t<div class=\"e-con-inner\">\n\t\t<div class=\"elementor-element elementor-element-64b4435 e-con-full e-flex e-con e-child\" data-id=\"64b4435\" data-element_type=\"container\" data-e-type=\"container\">\n\t\t\t\t<div class=\"elementor-element elementor-element-23c7307 elementor-widget elementor-widget-heading\" data-id=\"23c7307\" data-element_type=\"widget\" data-e-type=\"widget\" data-widget_type=\"heading.default\">\n\t\t\t\t<div class=\"elementor-widget-container\">\n\t\t\t\t\t<h2 class=\"elementor-heading-title elementor-size-default\">Online seyahat sa\u011fl\u0131\u011f\u0131 dan\u0131\u015fmanl\u0131\u011f\u0131: randevunuzu bug\u00fcn al\u0131n!<\/h2>\t\t\t\t<\/div>\n\t\t\t\t<\/div>\n\t\t\t\t<div class=\"elementor-element elementor-element-aa4d7ce elementor-widget elementor-widget-text-editor\" data-id=\"aa4d7ce\" data-element_type=\"widget\" data-e-type=\"widget\" data-widget_type=\"text-editor.default\">\n\t\t\t\t<div class=\"elementor-widget-container\">\n\t\t\t\t\t\t\t\t\t<p>Seyahat sa\u011fl\u0131\u011f\u0131 tavsiyelerimiz, seyahat ederken nas\u0131l sa\u011fl\u0131kl\u0131 kalaca\u011f\u0131n\u0131z ve korunaca\u011f\u0131n\u0131z konusunda size kapsaml\u0131 rehberlik sa\u011flar. \u0130ster G\u00fcney Do\u011fu Asya'da s\u0131rt \u00e7antal\u0131 bir gezi, ister d\u00fcnyan\u0131n uzak k\u00f6\u015felerine bir i\u015f seyahati planl\u0131yor olun, her t\u00fcrl\u00fc sa\u011fl\u0131k sorununda size yard\u0131mc\u0131 olabiliriz.<br \/>Bug\u00fcn bir kons\u00fcltasyon planlay\u0131n ve her ad\u0131mda sa\u011fl\u0131\u011f\u0131n\u0131za \u00f6ncelik vermek i\u00e7in bilgi ve kaynaklarla donat\u0131ld\u0131\u011f\u0131n\u0131z\u0131 bilerek yolculu\u011funuza g\u00fcvenle ba\u015flay\u0131n.<\/p>\t\t\t\t\t\t\t\t<\/div>\n\t\t\t\t<\/div>\n\t\t\t\t<div class=\"elementor-element elementor-element-c5b67f2 elementor-widget elementor-widget-button\" data-id=\"c5b67f2\" data-element_type=\"widget\" data-e-type=\"widget\" data-widget_type=\"button.default\">\n\t\t\t\t<div class=\"elementor-widget-container\">\n\t\t\t\t\t\t\t\t\t<div class=\"elementor-button-wrapper\">\n\t\t\t\t\t<a class=\"elementor-button elementor-button-link elementor-size-sm\" href=\"https:\/\/doctorucarer.com\/index.php\/buchen-sie-einen-termin\/\">\n\t\t\t\t\t\t<span class=\"elementor-button-content-wrapper\">\n\t\t\t\t\t\t\t\t\t<span class=\"elementor-button-text\">Randevu al\u0131n<\/span>\n\t\t\t\t\t<\/span>\n\t\t\t\t\t<\/a>\n\t\t\t\t<\/div>\n\t\t\t\t\t\t\t\t<\/div>\n\t\t\t\t<\/div>\n\t\t\t\t<\/div>\n\t\t<div class=\"elementor-element elementor-element-5ab2f06 e-con-full e-flex e-con e-child\" data-id=\"5ab2f06\" data-element_type=\"container\" data-e-type=\"container\">\n\t\t\t\t<div class=\"elementor-element elementor-element-2e056f6 elementor-widget elementor-widget-image\" data-id=\"2e056f6\" data-element_type=\"widget\" data-e-type=\"widget\" data-widget_type=\"image.default\">\n\t\t\t\t<div class=\"elementor-widget-container\">\n\t\t\t\t\t\t\t\t\t\t\t\t\t\t\t<img fetchpriority=\"high\" decoding=\"async\" width=\"1920\" height=\"1200\" src=\"https:\/\/doctorucarer.com\/wp-content\/uploads\/2024\/04\/Untitled-design-2024-04-20T103907.326.png\" class=\"attachment-full size-full wp-image-1095\" alt=\"Reisemedizinische Beratung\" srcset=\"https:\/\/doctorucarer.com\/wp-content\/uploads\/2024\/04\/Untitled-design-2024-04-20T103907.326.png 1920w, https:\/\/doctorucarer.com\/wp-content\/uploads\/2024\/04\/Untitled-design-2024-04-20T103907.326-300x188.png 300w, https:\/\/doctorucarer.com\/wp-content\/uploads\/2024\/04\/Untitled-design-2024-04-20T103907.326-1024x640.png 1024w, https:\/\/doctorucarer.com\/wp-content\/uploads\/2024\/04\/Untitled-design-2024-04-20T103907.326-768x480.png 768w, https:\/\/doctorucarer.com\/wp-content\/uploads\/2024\/04\/Untitled-design-2024-04-20T103907.326-1536x960.png 1536w, https:\/\/doctorucarer.com\/wp-content\/uploads\/2024\/04\/Untitled-design-2024-04-20T103907.326-18x12.png 18w\" sizes=\"(max-width: 1920px) 100vw, 1920px\" \/>\t\t\t\t\t\t\t\t\t\t\t\t\t\t\t<\/div>\n\t\t\t\t<\/div>\n\t\t\t\t<\/div>\n\t\t\t\t\t<\/div>\n\t\t\t\t<\/div>\n\t\t<div class=\"elementor-element elementor-element-9bfd2d7 e-flex e-con-boxed e-con e-parent\" data-id=\"9bfd2d7\" data-element_type=\"container\" data-e-type=\"container\" data-settings=\"{&quot;background_background&quot;:&quot;classic&quot;}\">\n\t\t\t\t\t<div class=\"e-con-inner\">\n\t\t<div class=\"elementor-element elementor-element-8259bd2 e-con-full e-flex e-con e-child\" data-id=\"8259bd2\" data-element_type=\"container\" data-e-type=\"container\">\n\t\t\t\t<div class=\"elementor-element elementor-element-debb538 elementor-widget elementor-widget-text-editor\" data-id=\"debb538\" data-element_type=\"widget\" data-e-type=\"widget\" data-widget_type=\"text-editor.default\">\n\t\t\t\t<div class=\"elementor-widget-container\">\n\t\t\t\t\t\t\t\t\t<p>Bu hizmet, yurtd\u0131\u015f\u0131na seyahat etmeden \u00f6nce t\u0131p uzmanlar\u0131ndan uzman tavsiyesi ve rehberlik alman\u0131z\u0131 sa\u011flar. Bir seyahat t\u0131bbi kons\u00fcltasyonu s\u0131ras\u0131nda, seyahatinizin \u00e7e\u015fitli y\u00f6nlerini, \u00f6rne\u011fin var\u0131\u015f noktan\u0131z\u0131, kal\u0131\u015f s\u00fcrenizi, planlanan aktiviteleri ve mevcut sa\u011fl\u0131k durumunuzu tart\u0131\u015facaks\u0131n\u0131z. Sa\u011fl\u0131k hizmeti sa\u011flay\u0131c\u0131s\u0131 daha sonra seyahat s\u0131ras\u0131nda sa\u011fl\u0131\u011f\u0131n\u0131z\u0131 korumak i\u00e7in gerekli a\u015f\u0131lar\u0131, ila\u00e7lar\u0131 veya \u00f6nleyici tedbirleri \u00f6nerecektir. Bu hizmet, \u00f6zellikle belirli sa\u011fl\u0131k risklerinin olabilece\u011fi b\u00f6lgeleri ziyaret ediyorsan\u0131z, g\u00fcvenli ve sa\u011fl\u0131kl\u0131 bir seyahat sa\u011flamak i\u00e7in \u00e7ok de\u011ferlidir.<\/p>\t\t\t\t\t\t\t\t<\/div>\n\t\t\t\t<\/div>\n\t\t\t\t<\/div>\n\t\t<div class=\"elementor-element elementor-element-99a5c38 e-con-full e-flex e-con e-child\" data-id=\"99a5c38\" data-element_type=\"container\" data-e-type=\"container\">\n\t\t\t\t<div class=\"elementor-element elementor-element-3e646cf elementor-widget elementor-widget-image\" data-id=\"3e646cf\" data-element_type=\"widget\" data-e-type=\"widget\" data-widget_type=\"image.default\">\n\t\t\t\t<div class=\"elementor-widget-container\">\n\t\t\t\t\t\t\t\t\t\t\t\t\t\t\t<img decoding=\"async\" width=\"1920\" height=\"1200\" src=\"https:\/\/doctorucarer.com\/wp-content\/uploads\/2024\/04\/Untitled-design-2024-04-20T105529.964.png\" class=\"attachment-full size-full wp-image-1103\" alt=\"Reisemedizinische Beratung: Ihre Gesundheit auf Reisen im Blick\" srcset=\"https:\/\/doctorucarer.com\/wp-content\/uploads\/2024\/04\/Untitled-design-2024-04-20T105529.964.png 1920w, https:\/\/doctorucarer.com\/wp-content\/uploads\/2024\/04\/Untitled-design-2024-04-20T105529.964-300x188.png 300w, https:\/\/doctorucarer.com\/wp-content\/uploads\/2024\/04\/Untitled-design-2024-04-20T105529.964-1024x640.png 1024w, https:\/\/doctorucarer.com\/wp-content\/uploads\/2024\/04\/Untitled-design-2024-04-20T105529.964-768x480.png 768w, https:\/\/doctorucarer.com\/wp-content\/uploads\/2024\/04\/Untitled-design-2024-04-20T105529.964-1536x960.png 1536w, https:\/\/doctorucarer.com\/wp-content\/uploads\/2024\/04\/Untitled-design-2024-04-20T105529.964-18x12.png 18w\" sizes=\"(max-width: 1920px) 100vw, 1920px\" \/>\t\t\t\t\t\t\t\t\t\t\t\t\t\t\t<\/div>\n\t\t\t\t<\/div>\n\t\t\t\t<\/div>\n\t\t\t\t\t<\/div>\n\t\t\t\t<\/div>\n\t\t\t\t<\/div>","protected":false},"excerpt":{"rendered":"<p>Online-Reisegesundheitsberatung: Buchen Sie Ihren Termin noch heute! Mit unserer\u00a0 Reisegesundheitsberatung erhalten Sie eine umfassende Anleitung, wie Sie auf Ihren Reisen [&hellip;]<\/p>\n","protected":false},"author":1,"featured_media":0,"parent":0,"menu_order":0,"comment_status":"closed","ping_status":"closed","template":"elementor_header_footer","meta":{"om_disable_all_campaigns":false,"_uf_show_specific_survey":0,"_uf_disable_surveys":false,"site-sidebar-layout":"no-sidebar","site-content-layout":"","ast-site-content-layout":"full-width-container","site-content-style":"default","site-sidebar-style":"default","ast-global-header-display":"","ast-banner-title-visibility":"","ast-main-header-display":"","ast-hfb-above-header-display":"","ast-hfb-below-header-display":"","ast-hfb-mobile-header-display":"","site-post-title":"disabled","ast-breadcrumbs-content":"","ast-featured-img":"disabled","footer-sml-layout":"","theme-transparent-header-meta":"","adv-header-id-meta":"","stick-header-meta":"","header-above-stick-meta":"","header-main-stick-meta":"","header-below-stick-meta":"","astra-migrate-meta-layouts":"default","ast-page-background-enabled":"default","ast-page-background-meta":{"desktop":{"background-color":"var(--ast-global-color-4)","background-image":"","background-repeat":"repeat","background-position":"center center","background-size":"auto","background-attachment":"scroll","background-type":"","background-media":"","overlay-type":"","overlay-color":"","overlay-gradient":""},"tablet":{"background-color":"","background-image":"","background-repeat":"repeat","background-position":"center center","background-size":"auto","background-attachment":"scroll","background-type":"","background-media":"","overlay-type":"","overlay-color":"","overlay-gradient":""},"mobile":{"background-color":"","background-image":"","background-repeat":"repeat","background-position":"center center","background-size":"auto","background-attachment":"scroll","background-type":"","background-media":"","overlay-type":"","overlay-color":"","overlay-gradient":""}},"ast-content-background-meta":{"desktop":{"background-color":"var(--ast-global-color-5)","background-image":"","background-repeat":"repeat","background-position":"center center","background-size":"auto","background-attachment":"scroll","background-type":"","background-media":"","overlay-type":"","overlay-color":"","overlay-gradient":""},"tablet":{"background-color":"var(--ast-global-color-5)","background-image":"","background-repeat":"repeat","background-position":"center center","background-size":"auto","background-attachment":"scroll","background-type":"","background-media":"","overlay-type":"","overlay-color":"","overlay-gradient":""},"mobile":{"background-color":"var(--ast-global-color-5)","background-image":"","background-repeat":"repeat","background-position":"center center","background-size":"auto","background-attachment":"scroll","background-type":"","background-media":"","overlay-type":"","overlay-color":"","overlay-gradient":""}},"footnotes":""},"class_list":["post-35","page","type-page","status-publish","hentry"],"yoast_head":"<!-- This site is optimized with the Yoast SEO plugin v27.6 - https:\/\/yoast.com\/product\/yoast-seo-wordpress\/ -->\n<title>Reisemedizinische Beratung - Dr. Serhat Ucarer<\/title>\n<meta name=\"robots\" content=\"index, follow, max-snippet:-1, max-image-preview:large, max-video-preview:-1\" \/>\n<link rel=\"canonical\" href=\"https:\/\/doctorucarer.com\/tr\/untersuchungen-nach-der-fahrerlaubnisverordnung\/\" \/>\n<meta property=\"og:locale\" content=\"tr_TR\" \/>\n<meta property=\"og:type\" content=\"article\" \/>\n<meta property=\"og:title\" content=\"Reisemedizinische Beratung - Dr. Serhat Ucarer\" \/>\n<meta property=\"og:description\" content=\"Online-Reisegesundheitsberatung: Buchen Sie Ihren Termin noch heute! Mit unserer\u00a0 Reisegesundheitsberatung erhalten Sie eine umfassende Anleitung, wie Sie auf Ihren Reisen [&hellip;]\" \/>\n<meta property=\"og:url\" content=\"https:\/\/doctorucarer.com\/tr\/untersuchungen-nach-der-fahrerlaubnisverordnung\/\" \/>\n<meta property=\"og:site_name\" content=\"Dr. Serhat Ucarer\" \/>\n<meta property=\"article:publisher\" content=\"https:\/\/www.facebook.com\/people\/Serhat-Ucarer\/\" \/>\n<meta property=\"article:modified_time\" content=\"2024-04-29T14:52:44+00:00\" \/>\n<meta property=\"og:image\" content=\"https:\/\/doctorucarer.com\/wp-content\/uploads\/2024\/04\/Untitled-design-2024-04-20T103907.326.png\" \/>\n<meta name=\"twitter:card\" content=\"summary_large_image\" \/>\n<meta name=\"twitter:label1\" content=\"Tahmini okuma s\u00fcresi\" \/>\n\t<meta name=\"twitter:data1\" content=\"2 dakika\" \/>\n<script type=\"application\/ld+json\" class=\"yoast-schema-graph\">{\"@context\":\"https:\\\/\\\/schema.org\",\"@graph\":[{\"@type\":\"WebPage\",\"@id\":\"https:\\\/\\\/doctorucarer.com\\\/untersuchungen-nach-der-fahrerlaubnisverordnung\\\/\",\"url\":\"https:\\\/\\\/doctorucarer.com\\\/untersuchungen-nach-der-fahrerlaubnisverordnung\\\/\",\"name\":\"Reisemedizinische Beratung - Dr. Serhat Ucarer\",\"isPartOf\":{\"@id\":\"https:\\\/\\\/doctorucarer.com\\\/#website\"},\"primaryImageOfPage\":{\"@id\":\"https:\\\/\\\/doctorucarer.com\\\/untersuchungen-nach-der-fahrerlaubnisverordnung\\\/#primaryimage\"},\"image\":{\"@id\":\"https:\\\/\\\/doctorucarer.com\\\/untersuchungen-nach-der-fahrerlaubnisverordnung\\\/#primaryimage\"},\"thumbnailUrl\":\"https:\\\/\\\/doctorucarer.com\\\/wp-content\\\/uploads\\\/2024\\\/04\\\/Untitled-design-2024-04-20T103907.326.png\",\"datePublished\":\"2024-03-27T12:48:10+00:00\",\"dateModified\":\"2024-04-29T14:52:44+00:00\",\"breadcrumb\":{\"@id\":\"https:\\\/\\\/doctorucarer.com\\\/untersuchungen-nach-der-fahrerlaubnisverordnung\\\/#breadcrumb\"},\"inLanguage\":\"tr\",\"potentialAction\":[{\"@type\":\"ReadAction\",\"target\":[\"https:\\\/\\\/doctorucarer.com\\\/untersuchungen-nach-der-fahrerlaubnisverordnung\\\/\"]}]},{\"@type\":\"ImageObject\",\"inLanguage\":\"tr\",\"@id\":\"https:\\\/\\\/doctorucarer.com\\\/untersuchungen-nach-der-fahrerlaubnisverordnung\\\/#primaryimage\",\"url\":\"https:\\\/\\\/doctorucarer.com\\\/wp-content\\\/uploads\\\/2024\\\/04\\\/Untitled-design-2024-04-20T103907.326.png\",\"contentUrl\":\"https:\\\/\\\/doctorucarer.com\\\/wp-content\\\/uploads\\\/2024\\\/04\\\/Untitled-design-2024-04-20T103907.326.png\"},{\"@type\":\"BreadcrumbList\",\"@id\":\"https:\\\/\\\/doctorucarer.com\\\/untersuchungen-nach-der-fahrerlaubnisverordnung\\\/#breadcrumb\",\"itemListElement\":[{\"@type\":\"ListItem\",\"position\":1,\"name\":\"Home\",\"item\":\"https:\\\/\\\/doctorucarer.com\\\/\"},{\"@type\":\"ListItem\",\"position\":2,\"name\":\"Reisemedizinische Beratung\"}]},{\"@type\":\"WebSite\",\"@id\":\"https:\\\/\\\/doctorucarer.com\\\/#website\",\"url\":\"https:\\\/\\\/doctorucarer.com\\\/\",\"name\":\"DR.Serhat Ucarer\",\"description\":\"Online-\u00c4rzte mit Online-Videosprechstunde oder Telemedizin f\u00fcr alle\",\"publisher\":{\"@id\":\"https:\\\/\\\/doctorucarer.com\\\/#organization\"},\"potentialAction\":[{\"@type\":\"SearchAction\",\"target\":{\"@type\":\"EntryPoint\",\"urlTemplate\":\"https:\\\/\\\/doctorucarer.com\\\/?s={search_term_string}\"},\"query-input\":{\"@type\":\"PropertyValueSpecification\",\"valueRequired\":true,\"valueName\":\"search_term_string\"}}],\"inLanguage\":\"tr\"},{\"@type\":\"Organization\",\"@id\":\"https:\\\/\\\/doctorucarer.com\\\/#organization\",\"name\":\"DR.Serhat Ucarer\",\"url\":\"https:\\\/\\\/doctorucarer.com\\\/\",\"logo\":{\"@type\":\"ImageObject\",\"inLanguage\":\"tr\",\"@id\":\"https:\\\/\\\/doctorucarer.com\\\/#\\\/schema\\\/logo\\\/image\\\/\",\"url\":\"https:\\\/\\\/doctorucarer.com\\\/wp-content\\\/uploads\\\/2024\\\/03\\\/Medical-Cross-Doctor-Logo-Template-1-e1711550658599.png\",\"contentUrl\":\"https:\\\/\\\/doctorucarer.com\\\/wp-content\\\/uploads\\\/2024\\\/03\\\/Medical-Cross-Doctor-Logo-Template-1-e1711550658599.png\",\"width\":468,\"height\":146,\"caption\":\"DR.Serhat Ucarer\"},\"image\":{\"@id\":\"https:\\\/\\\/doctorucarer.com\\\/#\\\/schema\\\/logo\\\/image\\\/\"},\"sameAs\":[\"https:\\\/\\\/www.facebook.com\\\/people\\\/Serhat-Ucarer\\\/\"]}]}<\/script>\n<!-- \/ Yoast SEO plugin. -->","yoast_head_json":{"title":"Reisemedizinische Beratung - Dr. Serhat Ucarer","robots":{"index":"index","follow":"follow","max-snippet":"max-snippet:-1","max-image-preview":"max-image-preview:large","max-video-preview":"max-video-preview:-1"},"canonical":"https:\/\/doctorucarer.com\/tr\/untersuchungen-nach-der-fahrerlaubnisverordnung\/","og_locale":"tr_TR","og_type":"article","og_title":"Reisemedizinische Beratung - Dr. Serhat Ucarer","og_description":"Online-Reisegesundheitsberatung: Buchen Sie Ihren Termin noch heute! Mit unserer\u00a0 Reisegesundheitsberatung erhalten Sie eine umfassende Anleitung, wie Sie auf Ihren Reisen [&hellip;]","og_url":"https:\/\/doctorucarer.com\/tr\/untersuchungen-nach-der-fahrerlaubnisverordnung\/","og_site_name":"Dr. Serhat Ucarer","article_publisher":"https:\/\/www.facebook.com\/people\/Serhat-Ucarer\/","article_modified_time":"2024-04-29T14:52:44+00:00","og_image":[{"url":"https:\/\/doctorucarer.com\/wp-content\/uploads\/2024\/04\/Untitled-design-2024-04-20T103907.326.png","type":"","width":"","height":""}],"twitter_card":"summary_large_image","twitter_misc":{"Tahmini okuma s\u00fcresi":"2 dakika"},"schema":{"@context":"https:\/\/schema.org","@graph":[{"@type":"WebPage","@id":"https:\/\/doctorucarer.com\/untersuchungen-nach-der-fahrerlaubnisverordnung\/","url":"https:\/\/doctorucarer.com\/untersuchungen-nach-der-fahrerlaubnisverordnung\/","name":"Reisemedizinische Beratung - Dr. Serhat Ucarer","isPartOf":{"@id":"https:\/\/doctorucarer.com\/#website"},"primaryImageOfPage":{"@id":"https:\/\/doctorucarer.com\/untersuchungen-nach-der-fahrerlaubnisverordnung\/#primaryimage"},"image":{"@id":"https:\/\/doctorucarer.com\/untersuchungen-nach-der-fahrerlaubnisverordnung\/#primaryimage"},"thumbnailUrl":"https:\/\/doctorucarer.com\/wp-content\/uploads\/2024\/04\/Untitled-design-2024-04-20T103907.326.png","datePublished":"2024-03-27T12:48:10+00:00","dateModified":"2024-04-29T14:52:44+00:00","breadcrumb":{"@id":"https:\/\/doctorucarer.com\/untersuchungen-nach-der-fahrerlaubnisverordnung\/#breadcrumb"},"inLanguage":"tr","potentialAction":[{"@type":"ReadAction","target":["https:\/\/doctorucarer.com\/untersuchungen-nach-der-fahrerlaubnisverordnung\/"]}]},{"@type":"ImageObject","inLanguage":"tr","@id":"https:\/\/doctorucarer.com\/untersuchungen-nach-der-fahrerlaubnisverordnung\/#primaryimage","url":"https:\/\/doctorucarer.com\/wp-content\/uploads\/2024\/04\/Untitled-design-2024-04-20T103907.326.png","contentUrl":"https:\/\/doctorucarer.com\/wp-content\/uploads\/2024\/04\/Untitled-design-2024-04-20T103907.326.png"},{"@type":"BreadcrumbList","@id":"https:\/\/doctorucarer.com\/untersuchungen-nach-der-fahrerlaubnisverordnung\/#breadcrumb","itemListElement":[{"@type":"ListItem","position":1,"name":"Home","item":"https:\/\/doctorucarer.com\/"},{"@type":"ListItem","position":2,"name":"Reisemedizinische Beratung"}]},{"@type":"WebSite","@id":"https:\/\/doctorucarer.com\/#website","url":"https:\/\/doctorucarer.com\/","name":"DR.Serhat Ucarer","description":"Online-\u00c4rzte mit Online-Videosprechstunde oder Telemedizin f\u00fcr alle","publisher":{"@id":"https:\/\/doctorucarer.com\/#organization"},"potentialAction":[{"@type":"SearchAction","target":{"@type":"EntryPoint","urlTemplate":"https:\/\/doctorucarer.com\/?s={search_term_string}"},"query-input":{"@type":"PropertyValueSpecification","valueRequired":true,"valueName":"search_term_string"}}],"inLanguage":"tr"},{"@type":"Organization","@id":"https:\/\/doctorucarer.com\/#organization","name":"DR.Serhat Ucarer","url":"https:\/\/doctorucarer.com\/","logo":{"@type":"ImageObject","inLanguage":"tr","@id":"https:\/\/doctorucarer.com\/#\/schema\/logo\/image\/","url":"https:\/\/doctorucarer.com\/wp-content\/uploads\/2024\/03\/Medical-Cross-Doctor-Logo-Template-1-e1711550658599.png","contentUrl":"https:\/\/doctorucarer.com\/wp-content\/uploads\/2024\/03\/Medical-Cross-Doctor-Logo-Template-1-e1711550658599.png","width":468,"height":146,"caption":"DR.Serhat Ucarer"},"image":{"@id":"https:\/\/doctorucarer.com\/#\/schema\/logo\/image\/"},"sameAs":["https:\/\/www.facebook.com\/people\/Serhat-Ucarer\/"]}]}},"_links":{"self":[{"href":"https:\/\/doctorucarer.com\/tr\/wp-json\/wp\/v2\/pages\/35","targetHints":{"allow":["GET"]}}],"collection":[{"href":"https:\/\/doctorucarer.com\/tr\/wp-json\/wp\/v2\/pages"}],"about":[{"href":"https:\/\/doctorucarer.com\/tr\/wp-json\/wp\/v2\/types\/page"}],"author":[{"embeddable":true,"href":"https:\/\/doctorucarer.com\/tr\/wp-json\/wp\/v2\/users\/1"}],"replies":[{"embeddable":true,"href":"https:\/\/doctorucarer.com\/tr\/wp-json\/wp\/v2\/comments?post=35"}],"version-history":[{"count":29,"href":"https:\/\/doctorucarer.com\/tr\/wp-json\/wp\/v2\/pages\/35\/revisions"}],"predecessor-version":[{"id":1242,"href":"https:\/\/doctorucarer.com\/tr\/wp-json\/wp\/v2\/pages\/35\/revisions\/1242"}],"wp:attachment":[{"href":"https:\/\/doctorucarer.com\/tr\/wp-json\/wp\/v2\/media?parent=35"}],"curies":[{"name":"wp","href":"https:\/\/api.w.org\/{rel}","templated":true}]}}