{"id":37,"date":"2024-03-27T12:48:25","date_gmt":"2024-03-27T12:48:25","guid":{"rendered":"https:\/\/doctorucarer.com\/?page_id=37"},"modified":"2024-04-29T14:55:25","modified_gmt":"2024-04-29T14:55:25","slug":"ultraschall","status":"publish","type":"page","link":"https:\/\/doctorucarer.com\/tr\/ultraschall\/","title":{"rendered":"Ultrason"},"content":{"rendered":"<div data-elementor-type=\"wp-page\" data-elementor-id=\"37\" class=\"elementor elementor-37\" data-elementor-post-type=\"page\">\n\t\t\t\t<div class=\"elementor-element elementor-element-031b636 e-flex e-con-boxed e-con e-parent\" data-id=\"031b636\" data-element_type=\"container\" data-e-type=\"container\" data-settings=\"{&quot;background_background&quot;:&quot;classic&quot;}\">\n\t\t\t\t\t<div class=\"e-con-inner\">\n\t\t<div class=\"elementor-element elementor-element-10c14a2 e-con-full e-flex e-con e-child\" data-id=\"10c14a2\" data-element_type=\"container\" data-e-type=\"container\">\n\t\t\t\t<div class=\"elementor-element elementor-element-1638400 elementor-widget elementor-widget-heading\" data-id=\"1638400\" data-element_type=\"widget\" data-e-type=\"widget\" data-widget_type=\"heading.default\">\n\t\t\t\t<div class=\"elementor-widget-container\">\n\t\t\t\t\t<h2 class=\"elementor-heading-title elementor-size-default\">Ultrason (sonografi) - online dan\u0131\u015fmanl\u0131k\n\n<\/h2>\t\t\t\t<\/div>\n\t\t\t\t<\/div>\n\t\t\t\t<div class=\"elementor-element elementor-element-02cbb9b elementor-widget elementor-widget-text-editor\" data-id=\"02cbb9b\" data-element_type=\"widget\" data-e-type=\"widget\" data-widget_type=\"text-editor.default\">\n\t\t\t\t<div class=\"elementor-widget-container\">\n\t\t\t\t\t\t\t\t\tUltrason (sonografi), doku ve organlar\u0131n nazik\u00e7e incelenmesi i\u00e7in invazif olmayan bir g\u00f6r\u00fcnt\u00fcleme prosed\u00fcr\u00fcd\u00fcr. Ultrasonun X \u0131\u015f\u0131nlar\u0131na g\u00f6re bir avantaj\u0131, kullan\u0131lan ses dalgalar\u0131n\u0131n zarars\u0131z olmas\u0131 ve daha y\u00fcksek uzaysal \u00e7\u00f6z\u00fcn\u00fcrl\u00fck sayesinde daha iyi g\u00f6r\u00fcnt\u00fcleme sa\u011flamas\u0131d\u0131r.\t\t\t\t\t\t\t\t<\/div>\n\t\t\t\t<\/div>\n\t\t\t\t<div class=\"elementor-element elementor-element-ee96b64 elementor-widget elementor-widget-button\" data-id=\"ee96b64\" data-element_type=\"widget\" data-e-type=\"widget\" data-widget_type=\"button.default\">\n\t\t\t\t<div class=\"elementor-widget-container\">\n\t\t\t\t\t\t\t\t\t<div class=\"elementor-button-wrapper\">\n\t\t\t\t\t<a class=\"elementor-button elementor-button-link elementor-size-sm\" href=\"https:\/\/doctorucarer.com\/index.php\/buchen-sie-einen-termin\/\">\n\t\t\t\t\t\t<span class=\"elementor-button-content-wrapper\">\n\t\t\t\t\t\t\t\t\t<span class=\"elementor-button-text\">Randevu al\u0131n<\/span>\n\t\t\t\t\t<\/span>\n\t\t\t\t\t<\/a>\n\t\t\t\t<\/div>\n\t\t\t\t\t\t\t\t<\/div>\n\t\t\t\t<\/div>\n\t\t\t\t<\/div>\n\t\t<div class=\"elementor-element elementor-element-f5d7ea3 e-con-full e-flex e-con e-child\" data-id=\"f5d7ea3\" data-element_type=\"container\" data-e-type=\"container\">\n\t\t\t\t<div class=\"elementor-element elementor-element-ea470be elementor-widget elementor-widget-image\" data-id=\"ea470be\" data-element_type=\"widget\" data-e-type=\"widget\" data-widget_type=\"image.default\">\n\t\t\t\t<div class=\"elementor-widget-container\">\n\t\t\t\t\t\t\t\t\t\t\t\t\t\t\t<img fetchpriority=\"high\" decoding=\"async\" width=\"1920\" height=\"1200\" src=\"https:\/\/doctorucarer.com\/wp-content\/uploads\/2024\/04\/Untitled-design-2024-04-04T171611.617.png\" class=\"attachment-full size-full wp-image-962\" alt=\"Ultraschall\" srcset=\"https:\/\/doctorucarer.com\/wp-content\/uploads\/2024\/04\/Untitled-design-2024-04-04T171611.617.png 1920w, https:\/\/doctorucarer.com\/wp-content\/uploads\/2024\/04\/Untitled-design-2024-04-04T171611.617-300x188.png 300w, https:\/\/doctorucarer.com\/wp-content\/uploads\/2024\/04\/Untitled-design-2024-04-04T171611.617-1024x640.png 1024w, https:\/\/doctorucarer.com\/wp-content\/uploads\/2024\/04\/Untitled-design-2024-04-04T171611.617-768x480.png 768w, https:\/\/doctorucarer.com\/wp-content\/uploads\/2024\/04\/Untitled-design-2024-04-04T171611.617-1536x960.png 1536w, https:\/\/doctorucarer.com\/wp-content\/uploads\/2024\/04\/Untitled-design-2024-04-04T171611.617-18x12.png 18w\" sizes=\"(max-width: 1920px) 100vw, 1920px\" \/>\t\t\t\t\t\t\t\t\t\t\t\t\t\t\t<\/div>\n\t\t\t\t<\/div>\n\t\t\t\t<\/div>\n\t\t\t\t\t<\/div>\n\t\t\t\t<\/div>\n\t\t<div class=\"elementor-element elementor-element-77f8ad7 e-flex e-con-boxed e-con e-parent\" data-id=\"77f8ad7\" data-element_type=\"container\" data-e-type=\"container\" data-settings=\"{&quot;background_background&quot;:&quot;classic&quot;}\">\n\t\t\t\t\t<div class=\"e-con-inner\">\n\t\t<div class=\"elementor-element elementor-element-528f7a0 e-con-full e-flex e-con e-child\" data-id=\"528f7a0\" data-element_type=\"container\" data-e-type=\"container\">\n\t\t\t\t<div class=\"elementor-element elementor-element-2471a20 elementor-widget elementor-widget-text-editor\" data-id=\"2471a20\" data-element_type=\"widget\" data-e-type=\"widget\" data-widget_type=\"text-editor.default\">\n\t\t\t\t<div class=\"elementor-widget-container\">\n\t\t\t\t\t\t\t\t\t<p>Ultrason muayenesi, muayene eden ki\u015finin uzatt\u0131\u011f\u0131 eldir. \u00c7ok say\u0131da \u015fikayetin nedenini bulmaya veya belirsiz durumlarda belirli nedenleri ekarte etmeye yard\u0131mc\u0131 olur. Ayr\u0131ca hedefe y\u00f6nelik ultrason te\u015fhisleri, tiroid bezi, kan damarlar\u0131 veya karaci\u011fer gibi incelenen organlar\u0131n patolojik de\u011fi\u015fiklikler g\u00f6sterip g\u00f6stermedi\u011fini g\u00f6sterir.<\/p><p>Ultrason bulgular\u0131 konusunda size online olarak yard\u0131mc\u0131 olabiliriz<br \/>zu verstehen und ihnen die Sonografie-Bilder zu erkl\u00e4ren.<\/p>\t\t\t\t\t\t\t\t<\/div>\n\t\t\t\t<\/div>\n\t\t\t\t<\/div>\n\t\t<div class=\"elementor-element elementor-element-a1ad5da e-con-full e-flex e-con e-child\" data-id=\"a1ad5da\" data-element_type=\"container\" data-e-type=\"container\">\n\t\t\t\t<div class=\"elementor-element elementor-element-3a54957 elementor-widget elementor-widget-image\" data-id=\"3a54957\" data-element_type=\"widget\" data-e-type=\"widget\" data-widget_type=\"image.default\">\n\t\t\t\t<div class=\"elementor-widget-container\">\n\t\t\t\t\t\t\t\t\t\t\t\t\t\t\t<img decoding=\"async\" width=\"1920\" height=\"1200\" src=\"https:\/\/doctorucarer.com\/wp-content\/uploads\/2024\/04\/Untitled-design-2024-04-04T171844.251.png\" class=\"attachment-full size-full wp-image-964\" alt=\"Innovative Diagnostik f\u00fcr Ihre Gesundheit\" srcset=\"https:\/\/doctorucarer.com\/wp-content\/uploads\/2024\/04\/Untitled-design-2024-04-04T171844.251.png 1920w, https:\/\/doctorucarer.com\/wp-content\/uploads\/2024\/04\/Untitled-design-2024-04-04T171844.251-300x188.png 300w, https:\/\/doctorucarer.com\/wp-content\/uploads\/2024\/04\/Untitled-design-2024-04-04T171844.251-1024x640.png 1024w, https:\/\/doctorucarer.com\/wp-content\/uploads\/2024\/04\/Untitled-design-2024-04-04T171844.251-768x480.png 768w, https:\/\/doctorucarer.com\/wp-content\/uploads\/2024\/04\/Untitled-design-2024-04-04T171844.251-1536x960.png 1536w, https:\/\/doctorucarer.com\/wp-content\/uploads\/2024\/04\/Untitled-design-2024-04-04T171844.251-18x12.png 18w\" sizes=\"(max-width: 1920px) 100vw, 1920px\" \/>\t\t\t\t\t\t\t\t\t\t\t\t\t\t\t<\/div>\n\t\t\t\t<\/div>\n\t\t\t\t<\/div>\n\t\t\t\t\t<\/div>\n\t\t\t\t<\/div>\n\t\t\t\t<\/div>","protected":false},"excerpt":{"rendered":"<p>Ultraschall (Sonographie) &#8211; Online-Beratung Der Ultraschall (Sonographie) ist ein bildgebendes, nicht-invasives Verfahren zur schonenden Untersuchung von Gewebe und Organen. Ein [&hellip;]<\/p>\n","protected":false},"author":1,"featured_media":0,"parent":0,"menu_order":0,"comment_status":"closed","ping_status":"closed","template":"elementor_header_footer","meta":{"om_disable_all_campaigns":false,"_uf_show_specific_survey":0,"_uf_disable_surveys":false,"site-sidebar-layout":"no-sidebar","site-content-layout":"","ast-site-content-layout":"full-width-container","site-content-style":"default","site-sidebar-style":"default","ast-global-header-display":"","ast-banner-title-visibility":"","ast-main-header-display":"","ast-hfb-above-header-display":"","ast-hfb-below-header-display":"","ast-hfb-mobile-header-display":"","site-post-title":"disabled","ast-breadcrumbs-content":"","ast-featured-img":"disabled","footer-sml-layout":"","theme-transparent-header-meta":"","adv-header-id-meta":"","stick-header-meta":"","header-above-stick-meta":"","header-main-stick-meta":"","header-below-stick-meta":"","astra-migrate-meta-layouts":"default","ast-page-background-enabled":"default","ast-page-background-meta":{"desktop":{"background-color":"var(--ast-global-color-4)","background-image":"","background-repeat":"repeat","background-position":"center center","background-size":"auto","background-attachment":"scroll","background-type":"","background-media":"","overlay-type":"","overlay-color":"","overlay-gradient":""},"tablet":{"background-color":"","background-image":"","background-repeat":"repeat","background-position":"center center","background-size":"auto","background-attachment":"scroll","background-type":"","background-media":"","overlay-type":"","overlay-color":"","overlay-gradient":""},"mobile":{"background-color":"","background-image":"","background-repeat":"repeat","background-position":"center center","background-size":"auto","background-attachment":"scroll","background-type":"","background-media":"","overlay-type":"","overlay-color":"","overlay-gradient":""}},"ast-content-background-meta":{"desktop":{"background-color":"var(--ast-global-color-5)","background-image":"","background-repeat":"repeat","background-position":"center center","background-size":"auto","background-attachment":"scroll","background-type":"","background-media":"","overlay-type":"","overlay-color":"","overlay-gradient":""},"tablet":{"background-color":"var(--ast-global-color-5)","background-image":"","background-repeat":"repeat","background-position":"center center","background-size":"auto","background-attachment":"scroll","background-type":"","background-media":"","overlay-type":"","overlay-color":"","overlay-gradient":""},"mobile":{"background-color":"var(--ast-global-color-5)","background-image":"","background-repeat":"repeat","background-position":"center center","background-size":"auto","background-attachment":"scroll","background-type":"","background-media":"","overlay-type":"","overlay-color":"","overlay-gradient":""}},"footnotes":""},"class_list":["post-37","page","type-page","status-publish","hentry"],"yoast_head":"<!-- This site is optimized with the Yoast SEO plugin v27.6 - https:\/\/yoast.com\/product\/yoast-seo-wordpress\/ -->\n<title>Ultraschall - Dr. Serhat Ucarer<\/title>\n<meta name=\"robots\" content=\"index, follow, max-snippet:-1, max-image-preview:large, max-video-preview:-1\" \/>\n<link rel=\"canonical\" href=\"https:\/\/doctorucarer.com\/tr\/ultraschall\/\" \/>\n<meta property=\"og:locale\" content=\"tr_TR\" \/>\n<meta property=\"og:type\" content=\"article\" \/>\n<meta property=\"og:title\" content=\"Ultraschall - Dr. Serhat Ucarer\" \/>\n<meta property=\"og:description\" content=\"Ultraschall (Sonographie) &#8211; Online-Beratung Der Ultraschall (Sonographie) ist ein bildgebendes, nicht-invasives Verfahren zur schonenden Untersuchung von Gewebe und Organen. Ein [&hellip;]\" \/>\n<meta property=\"og:url\" content=\"https:\/\/doctorucarer.com\/tr\/ultraschall\/\" \/>\n<meta property=\"og:site_name\" content=\"Dr. Serhat Ucarer\" \/>\n<meta property=\"article:publisher\" content=\"https:\/\/www.facebook.com\/people\/Serhat-Ucarer\/\" \/>\n<meta property=\"article:modified_time\" content=\"2024-04-29T14:55:25+00:00\" \/>\n<meta property=\"og:image\" content=\"https:\/\/doctorucarer.com\/wp-content\/uploads\/2024\/04\/Untitled-design-2024-04-04T171611.617.png\" \/>\n<meta name=\"twitter:card\" content=\"summary_large_image\" \/>\n<meta name=\"twitter:label1\" content=\"Tahmini okuma s\u00fcresi\" \/>\n\t<meta name=\"twitter:data1\" content=\"1 dakika\" \/>\n<script type=\"application\/ld+json\" class=\"yoast-schema-graph\">{\"@context\":\"https:\\\/\\\/schema.org\",\"@graph\":[{\"@type\":\"WebPage\",\"@id\":\"https:\\\/\\\/doctorucarer.com\\\/ultraschall\\\/\",\"url\":\"https:\\\/\\\/doctorucarer.com\\\/ultraschall\\\/\",\"name\":\"Ultraschall - Dr. Serhat Ucarer\",\"isPartOf\":{\"@id\":\"https:\\\/\\\/doctorucarer.com\\\/#website\"},\"primaryImageOfPage\":{\"@id\":\"https:\\\/\\\/doctorucarer.com\\\/ultraschall\\\/#primaryimage\"},\"image\":{\"@id\":\"https:\\\/\\\/doctorucarer.com\\\/ultraschall\\\/#primaryimage\"},\"thumbnailUrl\":\"https:\\\/\\\/doctorucarer.com\\\/wp-content\\\/uploads\\\/2024\\\/04\\\/Untitled-design-2024-04-04T171611.617.png\",\"datePublished\":\"2024-03-27T12:48:25+00:00\",\"dateModified\":\"2024-04-29T14:55:25+00:00\",\"breadcrumb\":{\"@id\":\"https:\\\/\\\/doctorucarer.com\\\/ultraschall\\\/#breadcrumb\"},\"inLanguage\":\"tr\",\"potentialAction\":[{\"@type\":\"ReadAction\",\"target\":[\"https:\\\/\\\/doctorucarer.com\\\/ultraschall\\\/\"]}]},{\"@type\":\"ImageObject\",\"inLanguage\":\"tr\",\"@id\":\"https:\\\/\\\/doctorucarer.com\\\/ultraschall\\\/#primaryimage\",\"url\":\"https:\\\/\\\/doctorucarer.com\\\/wp-content\\\/uploads\\\/2024\\\/04\\\/Untitled-design-2024-04-04T171611.617.png\",\"contentUrl\":\"https:\\\/\\\/doctorucarer.com\\\/wp-content\\\/uploads\\\/2024\\\/04\\\/Untitled-design-2024-04-04T171611.617.png\"},{\"@type\":\"BreadcrumbList\",\"@id\":\"https:\\\/\\\/doctorucarer.com\\\/ultraschall\\\/#breadcrumb\",\"itemListElement\":[{\"@type\":\"ListItem\",\"position\":1,\"name\":\"Home\",\"item\":\"https:\\\/\\\/doctorucarer.com\\\/\"},{\"@type\":\"ListItem\",\"position\":2,\"name\":\"Ultraschall\"}]},{\"@type\":\"WebSite\",\"@id\":\"https:\\\/\\\/doctorucarer.com\\\/#website\",\"url\":\"https:\\\/\\\/doctorucarer.com\\\/\",\"name\":\"DR.Serhat Ucarer\",\"description\":\"Online-\u00c4rzte mit Online-Videosprechstunde oder Telemedizin f\u00fcr alle\",\"publisher\":{\"@id\":\"https:\\\/\\\/doctorucarer.com\\\/#organization\"},\"potentialAction\":[{\"@type\":\"SearchAction\",\"target\":{\"@type\":\"EntryPoint\",\"urlTemplate\":\"https:\\\/\\\/doctorucarer.com\\\/?s={search_term_string}\"},\"query-input\":{\"@type\":\"PropertyValueSpecification\",\"valueRequired\":true,\"valueName\":\"search_term_string\"}}],\"inLanguage\":\"tr\"},{\"@type\":\"Organization\",\"@id\":\"https:\\\/\\\/doctorucarer.com\\\/#organization\",\"name\":\"DR.Serhat Ucarer\",\"url\":\"https:\\\/\\\/doctorucarer.com\\\/\",\"logo\":{\"@type\":\"ImageObject\",\"inLanguage\":\"tr\",\"@id\":\"https:\\\/\\\/doctorucarer.com\\\/#\\\/schema\\\/logo\\\/image\\\/\",\"url\":\"https:\\\/\\\/doctorucarer.com\\\/wp-content\\\/uploads\\\/2024\\\/03\\\/Medical-Cross-Doctor-Logo-Template-1-e1711550658599.png\",\"contentUrl\":\"https:\\\/\\\/doctorucarer.com\\\/wp-content\\\/uploads\\\/2024\\\/03\\\/Medical-Cross-Doctor-Logo-Template-1-e1711550658599.png\",\"width\":468,\"height\":146,\"caption\":\"DR.Serhat Ucarer\"},\"image\":{\"@id\":\"https:\\\/\\\/doctorucarer.com\\\/#\\\/schema\\\/logo\\\/image\\\/\"},\"sameAs\":[\"https:\\\/\\\/www.facebook.com\\\/people\\\/Serhat-Ucarer\\\/\"]}]}<\/script>\n<!-- \/ Yoast SEO plugin. -->","yoast_head_json":{"title":"Ultraschall - Dr. Serhat Ucarer","robots":{"index":"index","follow":"follow","max-snippet":"max-snippet:-1","max-image-preview":"max-image-preview:large","max-video-preview":"max-video-preview:-1"},"canonical":"https:\/\/doctorucarer.com\/tr\/ultraschall\/","og_locale":"tr_TR","og_type":"article","og_title":"Ultraschall - Dr. Serhat Ucarer","og_description":"Ultraschall (Sonographie) &#8211; Online-Beratung Der Ultraschall (Sonographie) ist ein bildgebendes, nicht-invasives Verfahren zur schonenden Untersuchung von Gewebe und Organen. Ein [&hellip;]","og_url":"https:\/\/doctorucarer.com\/tr\/ultraschall\/","og_site_name":"Dr. Serhat Ucarer","article_publisher":"https:\/\/www.facebook.com\/people\/Serhat-Ucarer\/","article_modified_time":"2024-04-29T14:55:25+00:00","og_image":[{"url":"https:\/\/doctorucarer.com\/wp-content\/uploads\/2024\/04\/Untitled-design-2024-04-04T171611.617.png","type":"","width":"","height":""}],"twitter_card":"summary_large_image","twitter_misc":{"Tahmini okuma s\u00fcresi":"1 dakika"},"schema":{"@context":"https:\/\/schema.org","@graph":[{"@type":"WebPage","@id":"https:\/\/doctorucarer.com\/ultraschall\/","url":"https:\/\/doctorucarer.com\/ultraschall\/","name":"Ultraschall - Dr. Serhat Ucarer","isPartOf":{"@id":"https:\/\/doctorucarer.com\/#website"},"primaryImageOfPage":{"@id":"https:\/\/doctorucarer.com\/ultraschall\/#primaryimage"},"image":{"@id":"https:\/\/doctorucarer.com\/ultraschall\/#primaryimage"},"thumbnailUrl":"https:\/\/doctorucarer.com\/wp-content\/uploads\/2024\/04\/Untitled-design-2024-04-04T171611.617.png","datePublished":"2024-03-27T12:48:25+00:00","dateModified":"2024-04-29T14:55:25+00:00","breadcrumb":{"@id":"https:\/\/doctorucarer.com\/ultraschall\/#breadcrumb"},"inLanguage":"tr","potentialAction":[{"@type":"ReadAction","target":["https:\/\/doctorucarer.com\/ultraschall\/"]}]},{"@type":"ImageObject","inLanguage":"tr","@id":"https:\/\/doctorucarer.com\/ultraschall\/#primaryimage","url":"https:\/\/doctorucarer.com\/wp-content\/uploads\/2024\/04\/Untitled-design-2024-04-04T171611.617.png","contentUrl":"https:\/\/doctorucarer.com\/wp-content\/uploads\/2024\/04\/Untitled-design-2024-04-04T171611.617.png"},{"@type":"BreadcrumbList","@id":"https:\/\/doctorucarer.com\/ultraschall\/#breadcrumb","itemListElement":[{"@type":"ListItem","position":1,"name":"Home","item":"https:\/\/doctorucarer.com\/"},{"@type":"ListItem","position":2,"name":"Ultraschall"}]},{"@type":"WebSite","@id":"https:\/\/doctorucarer.com\/#website","url":"https:\/\/doctorucarer.com\/","name":"DR.Serhat Ucarer","description":"Online-\u00c4rzte mit Online-Videosprechstunde oder Telemedizin f\u00fcr alle","publisher":{"@id":"https:\/\/doctorucarer.com\/#organization"},"potentialAction":[{"@type":"SearchAction","target":{"@type":"EntryPoint","urlTemplate":"https:\/\/doctorucarer.com\/?s={search_term_string}"},"query-input":{"@type":"PropertyValueSpecification","valueRequired":true,"valueName":"search_term_string"}}],"inLanguage":"tr"},{"@type":"Organization","@id":"https:\/\/doctorucarer.com\/#organization","name":"DR.Serhat Ucarer","url":"https:\/\/doctorucarer.com\/","logo":{"@type":"ImageObject","inLanguage":"tr","@id":"https:\/\/doctorucarer.com\/#\/schema\/logo\/image\/","url":"https:\/\/doctorucarer.com\/wp-content\/uploads\/2024\/03\/Medical-Cross-Doctor-Logo-Template-1-e1711550658599.png","contentUrl":"https:\/\/doctorucarer.com\/wp-content\/uploads\/2024\/03\/Medical-Cross-Doctor-Logo-Template-1-e1711550658599.png","width":468,"height":146,"caption":"DR.Serhat Ucarer"},"image":{"@id":"https:\/\/doctorucarer.com\/#\/schema\/logo\/image\/"},"sameAs":["https:\/\/www.facebook.com\/people\/Serhat-Ucarer\/"]}]}},"_links":{"self":[{"href":"https:\/\/doctorucarer.com\/tr\/wp-json\/wp\/v2\/pages\/37","targetHints":{"allow":["GET"]}}],"collection":[{"href":"https:\/\/doctorucarer.com\/tr\/wp-json\/wp\/v2\/pages"}],"about":[{"href":"https:\/\/doctorucarer.com\/tr\/wp-json\/wp\/v2\/types\/page"}],"author":[{"embeddable":true,"href":"https:\/\/doctorucarer.com\/tr\/wp-json\/wp\/v2\/users\/1"}],"replies":[{"embeddable":true,"href":"https:\/\/doctorucarer.com\/tr\/wp-json\/wp\/v2\/comments?post=37"}],"version-history":[{"count":19,"href":"https:\/\/doctorucarer.com\/tr\/wp-json\/wp\/v2\/pages\/37\/revisions"}],"predecessor-version":[{"id":1251,"href":"https:\/\/doctorucarer.com\/tr\/wp-json\/wp\/v2\/pages\/37\/revisions\/1251"}],"wp:attachment":[{"href":"https:\/\/doctorucarer.com\/tr\/wp-json\/wp\/v2\/media?parent=37"}],"curies":[{"name":"wp","href":"https:\/\/api.w.org\/{rel}","templated":true}]}}