{"id":63,"date":"2024-03-27T12:52:38","date_gmt":"2024-03-27T12:52:38","guid":{"rendered":"https:\/\/doctorucarer.com\/?page_id=63"},"modified":"2024-04-29T14:13:43","modified_gmt":"2024-04-29T14:13:43","slug":"bei-notfallen","status":"publish","type":"page","link":"https:\/\/doctorucarer.com\/tr\/bei-notfallen\/","title":{"rendered":"Acil durumlarda"},"content":{"rendered":"<div data-elementor-type=\"wp-page\" data-elementor-id=\"63\" class=\"elementor elementor-63\" data-elementor-post-type=\"page\">\n\t\t\t\t<div class=\"elementor-element elementor-element-f332c6c e-flex e-con-boxed e-con e-parent\" data-id=\"f332c6c\" data-element_type=\"container\" data-e-type=\"container\" data-settings=\"{&quot;background_background&quot;:&quot;classic&quot;}\">\n\t\t\t\t\t<div class=\"e-con-inner\">\n\t\t<div class=\"elementor-element elementor-element-4269b87 e-con-full e-flex e-con e-child\" data-id=\"4269b87\" data-element_type=\"container\" data-e-type=\"container\">\n\t\t\t\t<div class=\"elementor-element elementor-element-b6abfe0 elementor-widget elementor-widget-heading\" data-id=\"b6abfe0\" data-element_type=\"widget\" data-e-type=\"widget\" data-widget_type=\"heading.default\">\n\t\t\t\t<div class=\"elementor-widget-container\">\n\t\t\t\t\t<h2 class=\"elementor-heading-title elementor-size-default\">\nAcil bir durumda\n<\/h2>\t\t\t\t<\/div>\n\t\t\t\t<\/div>\n\t\t\t\t<div class=\"elementor-element elementor-element-dff54e3 elementor-widget elementor-widget-text-editor\" data-id=\"dff54e3\" data-element_type=\"widget\" data-e-type=\"widget\" data-widget_type=\"text-editor.default\">\n\t\t\t\t<div class=\"elementor-widget-container\">\n\t\t\t\t\t\t\t\t\tNormal muayene saatleri d\u0131\u015f\u0131nda - hafta sonlar\u0131 ve resmi tatiller de dahil olmak \u00fczere - telesekreterimizde t\u0131bbi yard\u0131m alabilece\u011finiz yerler hakk\u0131nda bilgi bulabilirsiniz.\t\t\t\t\t\t\t\t<\/div>\n\t\t\t\t<\/div>\n\t\t\t\t<div class=\"elementor-element elementor-element-5740fa4 elementor-align-start elementor-icon-list--layout-traditional elementor-list-item-link-full_width elementor-widget elementor-widget-icon-list\" data-id=\"5740fa4\" data-element_type=\"widget\" data-e-type=\"widget\" data-widget_type=\"icon-list.default\">\n\t\t\t\t<div class=\"elementor-widget-container\">\n\t\t\t\t\t\t\t<ul class=\"elementor-icon-list-items\">\n\t\t\t\t\t\t\t<li class=\"elementor-icon-list-item\">\n\t\t\t\t\t\t\t\t\t\t<span class=\"elementor-icon-list-text\">\u00c7a\u011fr\u0131 \u00fczerine t\u0131bbi hizmet (\u00fclke \u00e7ap\u0131nda):<\/span>\n\t\t\t\t\t\t\t\t\t<\/li>\n\t\t\t\t\t\t\t\t<li class=\"elementor-icon-list-item\">\n\t\t\t\t\t\t\t\t\t\t<span class=\"elementor-icon-list-text\">Telefon: 116 117<\/span>\n\t\t\t\t\t\t\t\t\t<\/li>\n\t\t\t\t\t\t\t\t<li class=\"elementor-icon-list-item\">\n\t\t\t\t\t\t\t\t\t\t<span class=\"elementor-icon-list-text\">Ambulans ve acil doktoru<\/span>\n\t\t\t\t\t\t\t\t\t<\/li>\n\t\t\t\t\t\t\t\t<li class=\"elementor-icon-list-item\">\n\t\t\t\t\t\t\t\t\t\t<span class=\"elementor-icon-list-text\">Telefon: 112<\/span>\n\t\t\t\t\t\t\t\t\t<\/li>\n\t\t\t\t\t\t<\/ul>\n\t\t\t\t\t\t<\/div>\n\t\t\t\t<\/div>\n\t\t\t\t<div class=\"elementor-element elementor-element-d499a6f elementor-widget elementor-widget-button\" data-id=\"d499a6f\" data-element_type=\"widget\" data-e-type=\"widget\" data-widget_type=\"button.default\">\n\t\t\t\t<div class=\"elementor-widget-container\">\n\t\t\t\t\t\t\t\t\t<div class=\"elementor-button-wrapper\">\n\t\t\t\t\t<a class=\"elementor-button elementor-button-link elementor-size-sm\" href=\"https:\/\/doctorucarer.com\/index.php\/buchen-sie-einen-termin\/\">\n\t\t\t\t\t\t<span class=\"elementor-button-content-wrapper\">\n\t\t\t\t\t\t\t\t\t<span class=\"elementor-button-text\">Randevu al\u0131n<\/span>\n\t\t\t\t\t<\/span>\n\t\t\t\t\t<\/a>\n\t\t\t\t<\/div>\n\t\t\t\t\t\t\t\t<\/div>\n\t\t\t\t<\/div>\n\t\t\t\t<\/div>\n\t\t<div class=\"elementor-element elementor-element-1a02242 e-con-full e-flex e-con e-child\" data-id=\"1a02242\" data-element_type=\"container\" data-e-type=\"container\">\n\t\t\t\t<div class=\"elementor-element elementor-element-1f64cfa elementor-widget elementor-widget-image\" data-id=\"1f64cfa\" data-element_type=\"widget\" data-e-type=\"widget\" data-widget_type=\"image.default\">\n\t\t\t\t<div class=\"elementor-widget-container\">\n\t\t\t\t\t\t\t\t\t\t\t\t\t\t\t<img fetchpriority=\"high\" decoding=\"async\" width=\"1920\" height=\"1200\" src=\"https:\/\/doctorucarer.com\/wp-content\/uploads\/2024\/03\/Untitled-design-2024-03-28T135453.246.png\" class=\"attachment-full size-full wp-image-321\" alt=\"Bei Notf\u00e4llen\" srcset=\"https:\/\/doctorucarer.com\/wp-content\/uploads\/2024\/03\/Untitled-design-2024-03-28T135453.246.png 1920w, https:\/\/doctorucarer.com\/wp-content\/uploads\/2024\/03\/Untitled-design-2024-03-28T135453.246-300x188.png 300w, https:\/\/doctorucarer.com\/wp-content\/uploads\/2024\/03\/Untitled-design-2024-03-28T135453.246-1024x640.png 1024w, https:\/\/doctorucarer.com\/wp-content\/uploads\/2024\/03\/Untitled-design-2024-03-28T135453.246-768x480.png 768w, https:\/\/doctorucarer.com\/wp-content\/uploads\/2024\/03\/Untitled-design-2024-03-28T135453.246-1536x960.png 1536w\" sizes=\"(max-width: 1920px) 100vw, 1920px\" \/>\t\t\t\t\t\t\t\t\t\t\t\t\t\t\t<\/div>\n\t\t\t\t<\/div>\n\t\t\t\t<\/div>\n\t\t\t\t\t<\/div>\n\t\t\t\t<\/div>\n\t\t\t\t<\/div>","protected":false},"excerpt":{"rendered":"<p>Im Notfall Au\u00dferhalb der regul\u00e4ren\u00a0 Sprechzeiten &#8211; auch an Wochenenden und Feiertagen &#8211; finden Sie auf unserem Anrufbeantworter Informationen dar\u00fcber, [&hellip;]<\/p>\n","protected":false},"author":1,"featured_media":0,"parent":0,"menu_order":0,"comment_status":"closed","ping_status":"closed","template":"elementor_header_footer","meta":{"om_disable_all_campaigns":false,"_uf_show_specific_survey":0,"_uf_disable_surveys":false,"site-sidebar-layout":"no-sidebar","site-content-layout":"","ast-site-content-layout":"full-width-container","site-content-style":"default","site-sidebar-style":"default","ast-global-header-display":"","ast-banner-title-visibility":"","ast-main-header-display":"","ast-hfb-above-header-display":"","ast-hfb-below-header-display":"","ast-hfb-mobile-header-display":"","site-post-title":"disabled","ast-breadcrumbs-content":"","ast-featured-img":"disabled","footer-sml-layout":"","theme-transparent-header-meta":"","adv-header-id-meta":"","stick-header-meta":"","header-above-stick-meta":"","header-main-stick-meta":"","header-below-stick-meta":"","astra-migrate-meta-layouts":"default","ast-page-background-enabled":"default","ast-page-background-meta":{"desktop":{"background-color":"var(--ast-global-color-4)","background-image":"","background-repeat":"repeat","background-position":"center center","background-size":"auto","background-attachment":"scroll","background-type":"","background-media":"","overlay-type":"","overlay-color":"","overlay-gradient":""},"tablet":{"background-color":"","background-image":"","background-repeat":"repeat","background-position":"center center","background-size":"auto","background-attachment":"scroll","background-type":"","background-media":"","overlay-type":"","overlay-color":"","overlay-gradient":""},"mobile":{"background-color":"","background-image":"","background-repeat":"repeat","background-position":"center center","background-size":"auto","background-attachment":"scroll","background-type":"","background-media":"","overlay-type":"","overlay-color":"","overlay-gradient":""}},"ast-content-background-meta":{"desktop":{"background-color":"var(--ast-global-color-5)","background-image":"","background-repeat":"repeat","background-position":"center center","background-size":"auto","background-attachment":"scroll","background-type":"","background-media":"","overlay-type":"","overlay-color":"","overlay-gradient":""},"tablet":{"background-color":"var(--ast-global-color-5)","background-image":"","background-repeat":"repeat","background-position":"center center","background-size":"auto","background-attachment":"scroll","background-type":"","background-media":"","overlay-type":"","overlay-color":"","overlay-gradient":""},"mobile":{"background-color":"var(--ast-global-color-5)","background-image":"","background-repeat":"repeat","background-position":"center center","background-size":"auto","background-attachment":"scroll","background-type":"","background-media":"","overlay-type":"","overlay-color":"","overlay-gradient":""}},"footnotes":""},"class_list":["post-63","page","type-page","status-publish","hentry"],"yoast_head":"<!-- This site is optimized with the Yoast SEO plugin v27.6 - https:\/\/yoast.com\/product\/yoast-seo-wordpress\/ -->\n<title>Notfall: Sofortige Hilfe, wenn Sie sie am dringendsten ben\u00f6tigen<\/title>\n<meta name=\"description\" content=\"Telemedizin im Notfall: Schnelle medizinische Hilfe rund um die Uhr. Wir sind f\u00fcr Sie da, wenn es am dringendsten ist.\" \/>\n<meta name=\"robots\" content=\"index, follow, max-snippet:-1, max-image-preview:large, max-video-preview:-1\" \/>\n<link rel=\"canonical\" href=\"https:\/\/doctorucarer.com\/tr\/bei-notfallen\/\" \/>\n<meta property=\"og:locale\" content=\"tr_TR\" \/>\n<meta property=\"og:type\" content=\"article\" \/>\n<meta property=\"og:title\" content=\"Notfall: Sofortige Hilfe, wenn Sie sie am dringendsten ben\u00f6tigen\" \/>\n<meta property=\"og:description\" content=\"Telemedizin im Notfall: Schnelle medizinische Hilfe rund um die Uhr. Wir sind f\u00fcr Sie da, wenn es am dringendsten ist.\" \/>\n<meta property=\"og:url\" content=\"https:\/\/doctorucarer.com\/tr\/bei-notfallen\/\" \/>\n<meta property=\"og:site_name\" content=\"Dr. Serhat Ucarer\" \/>\n<meta property=\"article:publisher\" content=\"https:\/\/www.facebook.com\/people\/Serhat-Ucarer\/\" \/>\n<meta property=\"article:modified_time\" content=\"2024-04-29T14:13:43+00:00\" \/>\n<meta property=\"og:image\" content=\"https:\/\/doctorucarer.com\/wp-content\/uploads\/2024\/03\/Untitled-design-2024-03-28T135453.246.png\" \/>\n<meta name=\"twitter:card\" content=\"summary_large_image\" \/>\n<meta name=\"twitter:label1\" content=\"Tahmini okuma s\u00fcresi\" \/>\n\t<meta name=\"twitter:data1\" content=\"1 dakika\" \/>\n<script type=\"application\/ld+json\" class=\"yoast-schema-graph\">{\"@context\":\"https:\\\/\\\/schema.org\",\"@graph\":[{\"@type\":\"WebPage\",\"@id\":\"https:\\\/\\\/doctorucarer.com\\\/bei-notfallen\\\/\",\"url\":\"https:\\\/\\\/doctorucarer.com\\\/bei-notfallen\\\/\",\"name\":\"Notfall: Sofortige Hilfe, wenn Sie sie am dringendsten ben\u00f6tigen\",\"isPartOf\":{\"@id\":\"https:\\\/\\\/doctorucarer.com\\\/#website\"},\"primaryImageOfPage\":{\"@id\":\"https:\\\/\\\/doctorucarer.com\\\/bei-notfallen\\\/#primaryimage\"},\"image\":{\"@id\":\"https:\\\/\\\/doctorucarer.com\\\/bei-notfallen\\\/#primaryimage\"},\"thumbnailUrl\":\"https:\\\/\\\/doctorucarer.com\\\/wp-content\\\/uploads\\\/2024\\\/03\\\/Untitled-design-2024-03-28T135453.246.png\",\"datePublished\":\"2024-03-27T12:52:38+00:00\",\"dateModified\":\"2024-04-29T14:13:43+00:00\",\"description\":\"Telemedizin im Notfall: Schnelle medizinische Hilfe rund um die Uhr. Wir sind f\u00fcr Sie da, wenn es am dringendsten ist.\",\"breadcrumb\":{\"@id\":\"https:\\\/\\\/doctorucarer.com\\\/bei-notfallen\\\/#breadcrumb\"},\"inLanguage\":\"tr\",\"potentialAction\":[{\"@type\":\"ReadAction\",\"target\":[\"https:\\\/\\\/doctorucarer.com\\\/bei-notfallen\\\/\"]}]},{\"@type\":\"ImageObject\",\"inLanguage\":\"tr\",\"@id\":\"https:\\\/\\\/doctorucarer.com\\\/bei-notfallen\\\/#primaryimage\",\"url\":\"https:\\\/\\\/doctorucarer.com\\\/wp-content\\\/uploads\\\/2024\\\/03\\\/Untitled-design-2024-03-28T135453.246.png\",\"contentUrl\":\"https:\\\/\\\/doctorucarer.com\\\/wp-content\\\/uploads\\\/2024\\\/03\\\/Untitled-design-2024-03-28T135453.246.png\"},{\"@type\":\"BreadcrumbList\",\"@id\":\"https:\\\/\\\/doctorucarer.com\\\/bei-notfallen\\\/#breadcrumb\",\"itemListElement\":[{\"@type\":\"ListItem\",\"position\":1,\"name\":\"Home\",\"item\":\"https:\\\/\\\/doctorucarer.com\\\/\"},{\"@type\":\"ListItem\",\"position\":2,\"name\":\"Bei Notf\u00e4llen\"}]},{\"@type\":\"WebSite\",\"@id\":\"https:\\\/\\\/doctorucarer.com\\\/#website\",\"url\":\"https:\\\/\\\/doctorucarer.com\\\/\",\"name\":\"DR.Serhat Ucarer\",\"description\":\"Online-\u00c4rzte mit Online-Videosprechstunde oder Telemedizin f\u00fcr alle\",\"publisher\":{\"@id\":\"https:\\\/\\\/doctorucarer.com\\\/#organization\"},\"potentialAction\":[{\"@type\":\"SearchAction\",\"target\":{\"@type\":\"EntryPoint\",\"urlTemplate\":\"https:\\\/\\\/doctorucarer.com\\\/?s={search_term_string}\"},\"query-input\":{\"@type\":\"PropertyValueSpecification\",\"valueRequired\":true,\"valueName\":\"search_term_string\"}}],\"inLanguage\":\"tr\"},{\"@type\":\"Organization\",\"@id\":\"https:\\\/\\\/doctorucarer.com\\\/#organization\",\"name\":\"DR.Serhat Ucarer\",\"url\":\"https:\\\/\\\/doctorucarer.com\\\/\",\"logo\":{\"@type\":\"ImageObject\",\"inLanguage\":\"tr\",\"@id\":\"https:\\\/\\\/doctorucarer.com\\\/#\\\/schema\\\/logo\\\/image\\\/\",\"url\":\"https:\\\/\\\/doctorucarer.com\\\/wp-content\\\/uploads\\\/2024\\\/03\\\/Medical-Cross-Doctor-Logo-Template-1-e1711550658599.png\",\"contentUrl\":\"https:\\\/\\\/doctorucarer.com\\\/wp-content\\\/uploads\\\/2024\\\/03\\\/Medical-Cross-Doctor-Logo-Template-1-e1711550658599.png\",\"width\":468,\"height\":146,\"caption\":\"DR.Serhat Ucarer\"},\"image\":{\"@id\":\"https:\\\/\\\/doctorucarer.com\\\/#\\\/schema\\\/logo\\\/image\\\/\"},\"sameAs\":[\"https:\\\/\\\/www.facebook.com\\\/people\\\/Serhat-Ucarer\\\/\"]}]}<\/script>\n<!-- \/ Yoast SEO plugin. -->","yoast_head_json":{"title":"Notfall: Sofortige Hilfe, wenn Sie sie am dringendsten ben\u00f6tigen","description":"Telemedizin im Notfall: Schnelle medizinische Hilfe rund um die Uhr. Wir sind f\u00fcr Sie da, wenn es am dringendsten ist.","robots":{"index":"index","follow":"follow","max-snippet":"max-snippet:-1","max-image-preview":"max-image-preview:large","max-video-preview":"max-video-preview:-1"},"canonical":"https:\/\/doctorucarer.com\/tr\/bei-notfallen\/","og_locale":"tr_TR","og_type":"article","og_title":"Notfall: Sofortige Hilfe, wenn Sie sie am dringendsten ben\u00f6tigen","og_description":"Telemedizin im Notfall: Schnelle medizinische Hilfe rund um die Uhr. Wir sind f\u00fcr Sie da, wenn es am dringendsten ist.","og_url":"https:\/\/doctorucarer.com\/tr\/bei-notfallen\/","og_site_name":"Dr. Serhat Ucarer","article_publisher":"https:\/\/www.facebook.com\/people\/Serhat-Ucarer\/","article_modified_time":"2024-04-29T14:13:43+00:00","og_image":[{"url":"https:\/\/doctorucarer.com\/wp-content\/uploads\/2024\/03\/Untitled-design-2024-03-28T135453.246.png","type":"","width":"","height":""}],"twitter_card":"summary_large_image","twitter_misc":{"Tahmini okuma s\u00fcresi":"1 dakika"},"schema":{"@context":"https:\/\/schema.org","@graph":[{"@type":"WebPage","@id":"https:\/\/doctorucarer.com\/bei-notfallen\/","url":"https:\/\/doctorucarer.com\/bei-notfallen\/","name":"Notfall: Sofortige Hilfe, wenn Sie sie am dringendsten ben\u00f6tigen","isPartOf":{"@id":"https:\/\/doctorucarer.com\/#website"},"primaryImageOfPage":{"@id":"https:\/\/doctorucarer.com\/bei-notfallen\/#primaryimage"},"image":{"@id":"https:\/\/doctorucarer.com\/bei-notfallen\/#primaryimage"},"thumbnailUrl":"https:\/\/doctorucarer.com\/wp-content\/uploads\/2024\/03\/Untitled-design-2024-03-28T135453.246.png","datePublished":"2024-03-27T12:52:38+00:00","dateModified":"2024-04-29T14:13:43+00:00","description":"Telemedizin im Notfall: Schnelle medizinische Hilfe rund um die Uhr. Wir sind f\u00fcr Sie da, wenn es am dringendsten ist.","breadcrumb":{"@id":"https:\/\/doctorucarer.com\/bei-notfallen\/#breadcrumb"},"inLanguage":"tr","potentialAction":[{"@type":"ReadAction","target":["https:\/\/doctorucarer.com\/bei-notfallen\/"]}]},{"@type":"ImageObject","inLanguage":"tr","@id":"https:\/\/doctorucarer.com\/bei-notfallen\/#primaryimage","url":"https:\/\/doctorucarer.com\/wp-content\/uploads\/2024\/03\/Untitled-design-2024-03-28T135453.246.png","contentUrl":"https:\/\/doctorucarer.com\/wp-content\/uploads\/2024\/03\/Untitled-design-2024-03-28T135453.246.png"},{"@type":"BreadcrumbList","@id":"https:\/\/doctorucarer.com\/bei-notfallen\/#breadcrumb","itemListElement":[{"@type":"ListItem","position":1,"name":"Home","item":"https:\/\/doctorucarer.com\/"},{"@type":"ListItem","position":2,"name":"Bei Notf\u00e4llen"}]},{"@type":"WebSite","@id":"https:\/\/doctorucarer.com\/#website","url":"https:\/\/doctorucarer.com\/","name":"DR.Serhat Ucarer","description":"Online-\u00c4rzte mit Online-Videosprechstunde oder Telemedizin f\u00fcr alle","publisher":{"@id":"https:\/\/doctorucarer.com\/#organization"},"potentialAction":[{"@type":"SearchAction","target":{"@type":"EntryPoint","urlTemplate":"https:\/\/doctorucarer.com\/?s={search_term_string}"},"query-input":{"@type":"PropertyValueSpecification","valueRequired":true,"valueName":"search_term_string"}}],"inLanguage":"tr"},{"@type":"Organization","@id":"https:\/\/doctorucarer.com\/#organization","name":"DR.Serhat Ucarer","url":"https:\/\/doctorucarer.com\/","logo":{"@type":"ImageObject","inLanguage":"tr","@id":"https:\/\/doctorucarer.com\/#\/schema\/logo\/image\/","url":"https:\/\/doctorucarer.com\/wp-content\/uploads\/2024\/03\/Medical-Cross-Doctor-Logo-Template-1-e1711550658599.png","contentUrl":"https:\/\/doctorucarer.com\/wp-content\/uploads\/2024\/03\/Medical-Cross-Doctor-Logo-Template-1-e1711550658599.png","width":468,"height":146,"caption":"DR.Serhat Ucarer"},"image":{"@id":"https:\/\/doctorucarer.com\/#\/schema\/logo\/image\/"},"sameAs":["https:\/\/www.facebook.com\/people\/Serhat-Ucarer\/"]}]}},"_links":{"self":[{"href":"https:\/\/doctorucarer.com\/tr\/wp-json\/wp\/v2\/pages\/63","targetHints":{"allow":["GET"]}}],"collection":[{"href":"https:\/\/doctorucarer.com\/tr\/wp-json\/wp\/v2\/pages"}],"about":[{"href":"https:\/\/doctorucarer.com\/tr\/wp-json\/wp\/v2\/types\/page"}],"author":[{"embeddable":true,"href":"https:\/\/doctorucarer.com\/tr\/wp-json\/wp\/v2\/users\/1"}],"replies":[{"embeddable":true,"href":"https:\/\/doctorucarer.com\/tr\/wp-json\/wp\/v2\/comments?post=63"}],"version-history":[{"count":34,"href":"https:\/\/doctorucarer.com\/tr\/wp-json\/wp\/v2\/pages\/63\/revisions"}],"predecessor-version":[{"id":1185,"href":"https:\/\/doctorucarer.com\/tr\/wp-json\/wp\/v2\/pages\/63\/revisions\/1185"}],"wp:attachment":[{"href":"https:\/\/doctorucarer.com\/tr\/wp-json\/wp\/v2\/media?parent=63"}],"curies":[{"name":"wp","href":"https:\/\/api.w.org\/{rel}","templated":true}]}}