{"id":77,"date":"2024-03-27T12:54:34","date_gmt":"2024-03-27T12:54:34","guid":{"rendered":"https:\/\/doctorucarer.com\/?page_id=77"},"modified":"2024-04-29T14:23:20","modified_gmt":"2024-04-29T14:23:20","slug":"buchen-sie-einen-termin","status":"publish","type":"page","link":"https:\/\/doctorucarer.com\/tr\/buchen-sie-einen-termin\/","title":{"rendered":"Randevu al\u0131n"},"content":{"rendered":"<div data-elementor-type=\"wp-page\" data-elementor-id=\"77\" class=\"elementor elementor-77\" data-elementor-post-type=\"page\">\n\t\t\t\t<div class=\"elementor-element elementor-element-2cabd9b2 e-flex e-con-boxed e-con e-child\" data-id=\"2cabd9b2\" data-element_type=\"container\" data-e-type=\"container\" data-settings=\"{&quot;background_background&quot;:&quot;classic&quot;}\">\n\t\t\t\t\t<div class=\"e-con-inner\">\n\t\t<div class=\"elementor-element elementor-element-5490fbd5 e-flex e-con-boxed e-con e-child\" data-id=\"5490fbd5\" data-element_type=\"container\" data-e-type=\"container\">\n\t\t\t\t\t<div class=\"e-con-inner\">\n\t\t\t\t<div class=\"elementor-element elementor-element-3d7075eb elementor-widget elementor-widget-heading\" data-id=\"3d7075eb\" data-element_type=\"widget\" data-e-type=\"widget\" data-widget_type=\"heading.default\">\n\t\t\t\t<div class=\"elementor-widget-container\">\n\t\t\t\t\t<h1 class=\"elementor-heading-title elementor-size-default\">Randevu al\u0131n<\/h1>\t\t\t\t<\/div>\n\t\t\t\t<\/div>\n\t\t\t\t<div class=\"elementor-element elementor-element-4ca49b0f elementor-widget elementor-widget-heading\" data-id=\"4ca49b0f\" data-element_type=\"widget\" data-e-type=\"widget\" data-widget_type=\"heading.default\">\n\t\t\t\t<div class=\"elementor-widget-container\">\n\t\t\t\t\t<h4 class=\"elementor-heading-title elementor-size-default\">Dr.Serhat U\u00e7arer ile do\u011fru karar\u0131 verin ve kendinizi m\u00fckemmel sa\u011fl\u0131\u011fa giden yola koyun<\/h4>\t\t\t\t<\/div>\n\t\t\t\t<\/div>\n\t\t\t\t\t<\/div>\n\t\t\t\t<\/div>\n\t\t\t\t\t<\/div>\n\t\t\t\t<\/div>\n\t\t<div class=\"elementor-element elementor-element-cf4e7af e-flex e-con-boxed e-con e-parent\" data-id=\"cf4e7af\" data-element_type=\"container\" data-e-type=\"container\">\n\t\t\t\t\t<div class=\"e-con-inner\">\n\t\t\t\t<div class=\"elementor-element elementor-element-50dc501 elementor-widget elementor-widget-html\" data-id=\"50dc501\" data-element_type=\"widget\" data-e-type=\"widget\" data-widget_type=\"html.default\">\n\t\t\t\t<div class=\"elementor-widget-container\">\n\t\t\t\t\t<div class=\"tidycal-embed\" data-path=\"ucarerserhat\/15-minuten-sitzung\"><\/div>\r\n<script src=\"https:\/\/asset-tidycal.b-cdn.net\/js\/embed.js\" async><\/script>\t\t\t\t<\/div>\n\t\t\t\t<\/div>\n\t\t\t\t\t<\/div>\n\t\t\t\t<\/div>\n\t\t\t\t<\/div>","protected":false},"excerpt":{"rendered":"<p>Dr.Serhat U\u00e7arer ile do\u011fru karar\u0131 verin ve kendinizi m\u00fckemmel sa\u011fl\u0131\u011fa giden yola koyun<\/p>","protected":false},"author":1,"featured_media":0,"parent":0,"menu_order":0,"comment_status":"closed","ping_status":"closed","template":"elementor_header_footer","meta":{"om_disable_all_campaigns":false,"_uf_show_specific_survey":0,"_uf_disable_surveys":false,"site-sidebar-layout":"no-sidebar","site-content-layout":"","ast-site-content-layout":"full-width-container","site-content-style":"default","site-sidebar-style":"default","ast-global-header-display":"","ast-banner-title-visibility":"","ast-main-header-display":"","ast-hfb-above-header-display":"","ast-hfb-below-header-display":"","ast-hfb-mobile-header-display":"","site-post-title":"disabled","ast-breadcrumbs-content":"","ast-featured-img":"disabled","footer-sml-layout":"","theme-transparent-header-meta":"","adv-header-id-meta":"","stick-header-meta":"","header-above-stick-meta":"","header-main-stick-meta":"","header-below-stick-meta":"","astra-migrate-meta-layouts":"default","ast-page-background-enabled":"default","ast-page-background-meta":{"desktop":{"background-color":"var(--ast-global-color-4)","background-image":"","background-repeat":"repeat","background-position":"center center","background-size":"auto","background-attachment":"scroll","background-type":"","background-media":"","overlay-type":"","overlay-color":"","overlay-gradient":""},"tablet":{"background-color":"","background-image":"","background-repeat":"repeat","background-position":"center center","background-size":"auto","background-attachment":"scroll","background-type":"","background-media":"","overlay-type":"","overlay-color":"","overlay-gradient":""},"mobile":{"background-color":"","background-image":"","background-repeat":"repeat","background-position":"center center","background-size":"auto","background-attachment":"scroll","background-type":"","background-media":"","overlay-type":"","overlay-color":"","overlay-gradient":""}},"ast-content-background-meta":{"desktop":{"background-color":"var(--ast-global-color-5)","background-image":"","background-repeat":"repeat","background-position":"center center","background-size":"auto","background-attachment":"scroll","background-type":"","background-media":"","overlay-type":"","overlay-color":"","overlay-gradient":""},"tablet":{"background-color":"var(--ast-global-color-5)","background-image":"","background-repeat":"repeat","background-position":"center center","background-size":"auto","background-attachment":"scroll","background-type":"","background-media":"","overlay-type":"","overlay-color":"","overlay-gradient":""},"mobile":{"background-color":"var(--ast-global-color-5)","background-image":"","background-repeat":"repeat","background-position":"center center","background-size":"auto","background-attachment":"scroll","background-type":"","background-media":"","overlay-type":"","overlay-color":"","overlay-gradient":""}},"footnotes":""},"class_list":["post-77","page","type-page","status-publish","hentry"],"yoast_head":"<!-- This site is optimized with the Yoast SEO plugin v27.5 - https:\/\/yoast.com\/product\/yoast-seo-wordpress\/ -->\n<title>Termin buchen: Einfach und schnell<\/title>\n<meta name=\"description\" content=\"Einfach und schnell einen Termin buchen. Nutzen Sie unsere bequeme Online-Terminvereinbarung f\u00fcr eine unkomplizierte Terminplanung\" \/>\n<meta name=\"robots\" content=\"index, follow, max-snippet:-1, max-image-preview:large, max-video-preview:-1\" \/>\n<link rel=\"canonical\" href=\"https:\/\/doctorucarer.com\/tr\/buchen-sie-einen-termin\/\" \/>\n<meta property=\"og:locale\" content=\"tr_TR\" \/>\n<meta property=\"og:type\" content=\"article\" \/>\n<meta property=\"og:title\" content=\"Termin buchen: Einfach und schnell\" \/>\n<meta property=\"og:description\" content=\"Einfach und schnell einen Termin buchen. Nutzen Sie unsere bequeme Online-Terminvereinbarung f\u00fcr eine unkomplizierte Terminplanung\" \/>\n<meta property=\"og:url\" content=\"https:\/\/doctorucarer.com\/tr\/buchen-sie-einen-termin\/\" \/>\n<meta property=\"og:site_name\" content=\"Dr. Serhat Ucarer\" \/>\n<meta property=\"article:publisher\" content=\"https:\/\/www.facebook.com\/people\/Serhat-Ucarer\/\" \/>\n<meta property=\"article:modified_time\" content=\"2024-04-29T14:23:20+00:00\" \/>\n<meta name=\"twitter:card\" content=\"summary_large_image\" \/>\n<meta name=\"twitter:label1\" content=\"Tahmini okuma s\u00fcresi\" \/>\n\t<meta name=\"twitter:data1\" content=\"1 dakika\" \/>\n<script type=\"application\/ld+json\" class=\"yoast-schema-graph\">{\"@context\":\"https:\\\/\\\/schema.org\",\"@graph\":[{\"@type\":\"WebPage\",\"@id\":\"https:\\\/\\\/doctorucarer.com\\\/buchen-sie-einen-termin\\\/\",\"url\":\"https:\\\/\\\/doctorucarer.com\\\/buchen-sie-einen-termin\\\/\",\"name\":\"Termin buchen: Einfach und schnell\",\"isPartOf\":{\"@id\":\"https:\\\/\\\/doctorucarer.com\\\/#website\"},\"datePublished\":\"2024-03-27T12:54:34+00:00\",\"dateModified\":\"2024-04-29T14:23:20+00:00\",\"description\":\"Einfach und schnell einen Termin buchen. Nutzen Sie unsere bequeme Online-Terminvereinbarung f\u00fcr eine unkomplizierte Terminplanung\",\"breadcrumb\":{\"@id\":\"https:\\\/\\\/doctorucarer.com\\\/buchen-sie-einen-termin\\\/#breadcrumb\"},\"inLanguage\":\"tr\",\"potentialAction\":[{\"@type\":\"ReadAction\",\"target\":[\"https:\\\/\\\/doctorucarer.com\\\/buchen-sie-einen-termin\\\/\"]}]},{\"@type\":\"BreadcrumbList\",\"@id\":\"https:\\\/\\\/doctorucarer.com\\\/buchen-sie-einen-termin\\\/#breadcrumb\",\"itemListElement\":[{\"@type\":\"ListItem\",\"position\":1,\"name\":\"Home\",\"item\":\"https:\\\/\\\/doctorucarer.com\\\/\"},{\"@type\":\"ListItem\",\"position\":2,\"name\":\"Buchen Sie einen Termin\"}]},{\"@type\":\"WebSite\",\"@id\":\"https:\\\/\\\/doctorucarer.com\\\/#website\",\"url\":\"https:\\\/\\\/doctorucarer.com\\\/\",\"name\":\"DR.Serhat Ucarer\",\"description\":\"Online-\u00c4rzte mit Online-Videosprechstunde oder Telemedizin f\u00fcr alle\",\"publisher\":{\"@id\":\"https:\\\/\\\/doctorucarer.com\\\/#organization\"},\"potentialAction\":[{\"@type\":\"SearchAction\",\"target\":{\"@type\":\"EntryPoint\",\"urlTemplate\":\"https:\\\/\\\/doctorucarer.com\\\/?s={search_term_string}\"},\"query-input\":{\"@type\":\"PropertyValueSpecification\",\"valueRequired\":true,\"valueName\":\"search_term_string\"}}],\"inLanguage\":\"tr\"},{\"@type\":\"Organization\",\"@id\":\"https:\\\/\\\/doctorucarer.com\\\/#organization\",\"name\":\"DR.Serhat Ucarer\",\"url\":\"https:\\\/\\\/doctorucarer.com\\\/\",\"logo\":{\"@type\":\"ImageObject\",\"inLanguage\":\"tr\",\"@id\":\"https:\\\/\\\/doctorucarer.com\\\/#\\\/schema\\\/logo\\\/image\\\/\",\"url\":\"https:\\\/\\\/doctorucarer.com\\\/wp-content\\\/uploads\\\/2024\\\/03\\\/Medical-Cross-Doctor-Logo-Template-1-e1711550658599.png\",\"contentUrl\":\"https:\\\/\\\/doctorucarer.com\\\/wp-content\\\/uploads\\\/2024\\\/03\\\/Medical-Cross-Doctor-Logo-Template-1-e1711550658599.png\",\"width\":468,\"height\":146,\"caption\":\"DR.Serhat Ucarer\"},\"image\":{\"@id\":\"https:\\\/\\\/doctorucarer.com\\\/#\\\/schema\\\/logo\\\/image\\\/\"},\"sameAs\":[\"https:\\\/\\\/www.facebook.com\\\/people\\\/Serhat-Ucarer\\\/\"]}]}<\/script>\n<!-- \/ Yoast SEO plugin. -->","yoast_head_json":{"title":"Termin buchen: Einfach und schnell","description":"Einfach und schnell einen Termin buchen. Nutzen Sie unsere bequeme Online-Terminvereinbarung f\u00fcr eine unkomplizierte Terminplanung","robots":{"index":"index","follow":"follow","max-snippet":"max-snippet:-1","max-image-preview":"max-image-preview:large","max-video-preview":"max-video-preview:-1"},"canonical":"https:\/\/doctorucarer.com\/tr\/buchen-sie-einen-termin\/","og_locale":"tr_TR","og_type":"article","og_title":"Termin buchen: Einfach und schnell","og_description":"Einfach und schnell einen Termin buchen. Nutzen Sie unsere bequeme Online-Terminvereinbarung f\u00fcr eine unkomplizierte Terminplanung","og_url":"https:\/\/doctorucarer.com\/tr\/buchen-sie-einen-termin\/","og_site_name":"Dr. Serhat Ucarer","article_publisher":"https:\/\/www.facebook.com\/people\/Serhat-Ucarer\/","article_modified_time":"2024-04-29T14:23:20+00:00","twitter_card":"summary_large_image","twitter_misc":{"Tahmini okuma s\u00fcresi":"1 dakika"},"schema":{"@context":"https:\/\/schema.org","@graph":[{"@type":"WebPage","@id":"https:\/\/doctorucarer.com\/buchen-sie-einen-termin\/","url":"https:\/\/doctorucarer.com\/buchen-sie-einen-termin\/","name":"Termin buchen: Einfach und schnell","isPartOf":{"@id":"https:\/\/doctorucarer.com\/#website"},"datePublished":"2024-03-27T12:54:34+00:00","dateModified":"2024-04-29T14:23:20+00:00","description":"Einfach und schnell einen Termin buchen. Nutzen Sie unsere bequeme Online-Terminvereinbarung f\u00fcr eine unkomplizierte Terminplanung","breadcrumb":{"@id":"https:\/\/doctorucarer.com\/buchen-sie-einen-termin\/#breadcrumb"},"inLanguage":"tr","potentialAction":[{"@type":"ReadAction","target":["https:\/\/doctorucarer.com\/buchen-sie-einen-termin\/"]}]},{"@type":"BreadcrumbList","@id":"https:\/\/doctorucarer.com\/buchen-sie-einen-termin\/#breadcrumb","itemListElement":[{"@type":"ListItem","position":1,"name":"Home","item":"https:\/\/doctorucarer.com\/"},{"@type":"ListItem","position":2,"name":"Buchen Sie einen Termin"}]},{"@type":"WebSite","@id":"https:\/\/doctorucarer.com\/#website","url":"https:\/\/doctorucarer.com\/","name":"DR.Serhat Ucarer","description":"Online-\u00c4rzte mit Online-Videosprechstunde oder Telemedizin f\u00fcr alle","publisher":{"@id":"https:\/\/doctorucarer.com\/#organization"},"potentialAction":[{"@type":"SearchAction","target":{"@type":"EntryPoint","urlTemplate":"https:\/\/doctorucarer.com\/?s={search_term_string}"},"query-input":{"@type":"PropertyValueSpecification","valueRequired":true,"valueName":"search_term_string"}}],"inLanguage":"tr"},{"@type":"Organization","@id":"https:\/\/doctorucarer.com\/#organization","name":"DR.Serhat Ucarer","url":"https:\/\/doctorucarer.com\/","logo":{"@type":"ImageObject","inLanguage":"tr","@id":"https:\/\/doctorucarer.com\/#\/schema\/logo\/image\/","url":"https:\/\/doctorucarer.com\/wp-content\/uploads\/2024\/03\/Medical-Cross-Doctor-Logo-Template-1-e1711550658599.png","contentUrl":"https:\/\/doctorucarer.com\/wp-content\/uploads\/2024\/03\/Medical-Cross-Doctor-Logo-Template-1-e1711550658599.png","width":468,"height":146,"caption":"DR.Serhat Ucarer"},"image":{"@id":"https:\/\/doctorucarer.com\/#\/schema\/logo\/image\/"},"sameAs":["https:\/\/www.facebook.com\/people\/Serhat-Ucarer\/"]}]}},"_links":{"self":[{"href":"https:\/\/doctorucarer.com\/tr\/wp-json\/wp\/v2\/pages\/77","targetHints":{"allow":["GET"]}}],"collection":[{"href":"https:\/\/doctorucarer.com\/tr\/wp-json\/wp\/v2\/pages"}],"about":[{"href":"https:\/\/doctorucarer.com\/tr\/wp-json\/wp\/v2\/types\/page"}],"author":[{"embeddable":true,"href":"https:\/\/doctorucarer.com\/tr\/wp-json\/wp\/v2\/users\/1"}],"replies":[{"embeddable":true,"href":"https:\/\/doctorucarer.com\/tr\/wp-json\/wp\/v2\/comments?post=77"}],"version-history":[{"count":43,"href":"https:\/\/doctorucarer.com\/tr\/wp-json\/wp\/v2\/pages\/77\/revisions"}],"predecessor-version":[{"id":1200,"href":"https:\/\/doctorucarer.com\/tr\/wp-json\/wp\/v2\/pages\/77\/revisions\/1200"}],"wp:attachment":[{"href":"https:\/\/doctorucarer.com\/tr\/wp-json\/wp\/v2\/media?parent=77"}],"curies":[{"name":"wp","href":"https:\/\/api.w.org\/{rel}","templated":true}]}}